{"id":3313,"date":"2023-11-28T00:37:09","date_gmt":"2023-11-28T00:37:09","guid":{"rendered":"https:\/\/gpsites.co\/wander\/?page_id=32"},"modified":"2024-11-16T11:30:04","modified_gmt":"2024-11-16T10:30:04","slug":"home","status":"publish","type":"page","link":"https:\/\/mister-vanlife.fr\/de\/","title":{"rendered":"Startseite"},"content":{"rendered":"<div class=\"gb-container gb-container-aa8d71aa\">\n<div class=\"gb-container gb-container-280debd2\">\n\n<h1 class=\"gb-headline gb-headline-5b5f0255 gb-headline-text\">Willkommen auf <br>Mister Vanlife<\/h1>\n\n\n\n<p class=\"gb-headline gb-headline-81f07823 gb-headline-text\">Mister Vanlife ist der unverzichtbare F\u00fchrer f\u00fcr <strong>den Off-Grid-Strom beherrschen<\/strong>Sie k\u00f6nnen Ihre Fahrzeuge umr\u00fcsten oder sich zu Hause mit Strom versorgen. Hier finden Sie Tipps, Ratschl\u00e4ge und Schulungen f\u00fcr zuverl\u00e4ssige, optimierte und nachhaltige Installationen, die all Ihren Bed\u00fcrfnissen in Bezug auf Energie f\u00fcr unterwegs oder zu Hause gerecht werden.<\/p>\n\n\n\n<a class=\"gb-button gb-button-92eb12c7 gb-button-text\" href=\"https:\/\/mister-vanlife.fr\/de\/blog\/\">Blog ansehen<\/a>\n\n<\/div>\n<\/div>\n\n<div class=\"gb-container gb-container-ff7ffc46\">\n<div class=\"gb-container gb-container-67ad7aeb\">\n<div class=\"gb-container gb-container-06b2b77a\">\n<div class=\"gb-container gb-container-adff3a3d\">\n\n<figure class=\"gb-block-image gb-block-image-0dd085d3\"><a href=\"https:\/\/www.dl.mister-vanlife.fr\/calculateur_batterie\" target=\"_blank\" rel=\"noopener noreferrer\"><img loading=\"lazy\" decoding=\"async\" width=\"1920\" height=\"1080\" class=\"gb-image gb-image-0dd085d3\" src=\"https:\/\/mister-vanlife.fr\/wp-content\/uploads\/2024\/11\/Calculer-son-besoin.jpg\" alt=\"Berechnen Sie Ihren Strombedarf mit unserem kostenlosen Rechner\" title=\"Den eigenen Bedarf berechnen\" srcset=\"https:\/\/mister-vanlife.fr\/wp-content\/uploads\/2024\/11\/Calculer-son-besoin.jpg 1920w, https:\/\/mister-vanlife.fr\/wp-content\/uploads\/2024\/11\/Calculer-son-besoin-600x338.jpg 600w, https:\/\/mister-vanlife.fr\/wp-content\/uploads\/2024\/11\/Calculer-son-besoin-300x169.jpg 300w, https:\/\/mister-vanlife.fr\/wp-content\/uploads\/2024\/11\/Calculer-son-besoin-1024x576.jpg 1024w, https:\/\/mister-vanlife.fr\/wp-content\/uploads\/2024\/11\/Calculer-son-besoin-768x432.jpg 768w, https:\/\/mister-vanlife.fr\/wp-content\/uploads\/2024\/11\/Calculer-son-besoin-1536x864.jpg 1536w\" sizes=\"auto, (max-width: 1920px) 100vw, 1920px\" \/><\/a><\/figure>\n\n<\/div>\n\n<div class=\"gb-container gb-container-35033567\">\n\n<div id=\"ez-toc-container\" class=\"ez-toc-v2_0_82_2 counter-hierarchy ez-toc-counter ez-toc-grey ez-toc-container-direction\">\n<div class=\"ez-toc-title-container\">\n<p class=\"ez-toc-title\" style=\"cursor:inherit\">Inhaltsverzeichnis<\/p>\n<span class=\"ez-toc-title-toggle\"><a href=\"#\" class=\"ez-toc-pull-right ez-toc-btn ez-toc-btn-xs ez-toc-btn-default ez-toc-toggle\" aria-label=\"Toggle Table of Content\"><span class=\"ez-toc-js-icon-con\"><span class=\"\"><span class=\"eztoc-hide\" style=\"display:none;\">Toggle<\/span><span class=\"ez-toc-icon-toggle-span\"><svg style=\"fill: #d8d8d8;color:#d8d8d8\" xmlns=\"http:\/\/www.w3.org\/2000\/svg\" class=\"list-377408\" width=\"20px\" height=\"20px\" viewbox=\"0 0 24 24\" fill=\"none\"><path d=\"M6 6H4v2h2V6zm14 0H8v2h12V6zM4 11h2v2H4v-2zm16 0H8v2h12v-2zM4 16h2v2H4v-2zm16 0H8v2h12v-2z\" fill=\"currentColor\"><\/path><\/svg><svg style=\"fill: #d8d8d8;color:#d8d8d8\" class=\"arrow-unsorted-368013\" xmlns=\"http:\/\/www.w3.org\/2000\/svg\" width=\"10px\" height=\"10px\" viewbox=\"0 0 24 24\" version=\"1.2\" baseprofile=\"tiny\"><path d=\"M18.2 9.3l-6.2-6.3-6.2 6.3c-.2.2-.3.4-.3.7s.1.5.3.7c.2.2.4.3.7.3h11c.3 0 .5-.1.7-.3.2-.2.3-.5.3-.7s-.1-.5-.3-.7zM5.8 14.7l6.2 6.3 6.2-6.3c.2-.2.3-.5.3-.7s-.1-.5-.3-.7c-.2-.2-.4-.3-.7-.3h-11c-.3 0-.5.1-.7.3-.2.2-.3.5-.3.7s.1.5.3.7z\"\/><\/svg><\/span><\/span><\/span><\/a><\/span><\/div>\n<nav><ul class='ez-toc-list ez-toc-list-level-1 eztoc-toggle-hide-by-default' ><ul class='ez-toc-list-level-3' ><li class='ez-toc-heading-level-3'><a class=\"ez-toc-link ez-toc-heading-1\" href=\"https:\/\/mister-vanlife.fr\/de\/#calculateur_de_besoin_electrique\" >Rechner f\u00fcr den Strombedarf<\/a><\/li><li class='ez-toc-page-1 ez-toc-heading-level-3'><a class=\"ez-toc-link ez-toc-heading-2\" href=\"https:\/\/mister-vanlife.fr\/de\/#les_secrets_de_lautonomie_electrique_en_van_amenage\" >Die Geheimnisse der elektrischen Autonomie in einem Van mit Inneneinrichtung<\/a><\/li><li class='ez-toc-page-1 ez-toc-heading-level-3'><a class=\"ez-toc-link ez-toc-heading-3\" href=\"https:\/\/mister-vanlife.fr\/de\/#chaine_youtube_mister_vanlife\" >Youtube-Kanal Mister Vanlife<\/a><\/li><\/ul><\/li><li class='ez-toc-page-1 ez-toc-heading-level-2'><a class=\"ez-toc-link ez-toc-heading-4\" href=\"https:\/\/mister-vanlife.fr\/de\/#pour_les_passionnees_dautonomie\" >F\u00fcr leidenschaftliche Selbstversorger<\/a><\/li><\/ul><\/nav><\/div>\n<h3 class=\"gb-headline gb-headline-d55f6136 gb-headline-text\"><span class=\"ez-toc-section\" id=\"calculateur_de_besoin_electrique\"><\/span>Rechner f\u00fcr den Strombedarf<span class=\"ez-toc-section-end\"><\/span><\/h3>\n\n\n\n<p class=\"gb-headline gb-headline-754e7064 gb-headline-text\">Der Strombedarfsrechner sch\u00e4tzt Ihren Energieverbrauch f\u00fcr Ihre Off-Grid-Anlagen genau ab und hilft Ihnen, Ihr System einfach und unabh\u00e4ngig zu dimensionieren.<a href=\"https:\/\/gpsites.co\/realtor\/?preview_id=3575&amp;preview_nonce=4514a831c8&amp;preview=true#\"><\/a><\/p>\n\n\n\n<a class=\"gb-button gb-button-f9f87546 gb-button-text\" href=\"https:\/\/www.dl.mister-vanlife.fr\/calculateur_batterie\" target=\"_blank\" rel=\"noopener noreferrer\">mehr erfahren<\/a>\n\n<\/div>\n<\/div>\n\n<div class=\"gb-container gb-container-fd96f8e4\">\n<div class=\"gb-container gb-container-0946d297\">\n\n<h3 class=\"gb-headline gb-headline-b3e751a5 gb-headline-text\"><span class=\"ez-toc-section\" id=\"les_secrets_de_lautonomie_electrique_en_van_amenage\"><\/span>Die Geheimnisse der elektrischen Autonomie in einem Van mit Inneneinrichtung<span class=\"ez-toc-section-end\"><\/span><\/h3>\n\n\n\n<p class=\"gb-headline gb-headline-0ffdef86 gb-headline-text\">Das Programm \"Geheimnisse der Van-Elektrik\" von Mister Vanlife f\u00fchrt Sie Schritt f\u00fcr Schritt durch die Elektroinstallation Ihres umgebauten Vans. Mit detaillierten Tutorials macht es die Elektrizit\u00e4t f\u00fcr Ihre nomadischen Abenteuer zug\u00e4nglich und sicher.<a href=\"https:\/\/gpsites.co\/realtor\/?preview_id=3575&amp;preview_nonce=4514a831c8&amp;preview=true#\"><\/a><\/p>\n\n\n\n<a class=\"gb-button gb-button-7a92d58c gb-button-text\" href=\"https:\/\/www.dl.mister-vanlife.fr\/secrets-electricite-van\" target=\"_blank\" rel=\"noopener noreferrer\">mehr erfahren<\/a>\n\n<\/div>\n\n<div class=\"gb-container gb-container-d85abdbe\">\n\n<figure class=\"gb-block-image gb-block-image-e2f4275c\"><a href=\"https:\/\/www.dl.mister-vanlife.fr\/secrets-electricite-van\" target=\"_blank\" rel=\"noopener noreferrer\"><img loading=\"lazy\" decoding=\"async\" width=\"1920\" height=\"1080\" class=\"gb-image gb-image-e2f4275c\" src=\"https:\/\/mister-vanlife.fr\/wp-content\/uploads\/2024\/11\/les-secrets-de-lautonomie-electrique.jpg\" alt=\"\" title=\"die Geheimnisse der elektrischen Autonomie\" srcset=\"https:\/\/mister-vanlife.fr\/wp-content\/uploads\/2024\/11\/les-secrets-de-lautonomie-electrique.jpg 1920w, https:\/\/mister-vanlife.fr\/wp-content\/uploads\/2024\/11\/les-secrets-de-lautonomie-electrique-600x338.jpg 600w, https:\/\/mister-vanlife.fr\/wp-content\/uploads\/2024\/11\/les-secrets-de-lautonomie-electrique-300x169.jpg 300w, https:\/\/mister-vanlife.fr\/wp-content\/uploads\/2024\/11\/les-secrets-de-lautonomie-electrique-1024x576.jpg 1024w, https:\/\/mister-vanlife.fr\/wp-content\/uploads\/2024\/11\/les-secrets-de-lautonomie-electrique-768x432.jpg 768w, https:\/\/mister-vanlife.fr\/wp-content\/uploads\/2024\/11\/les-secrets-de-lautonomie-electrique-1536x864.jpg 1536w\" sizes=\"auto, (max-width: 1920px) 100vw, 1920px\" \/><\/a><\/figure>\n\n<\/div>\n<\/div>\n\n<div class=\"gb-container gb-container-9809f175\">\n<div class=\"gb-container gb-container-4bdf275b\">\n\n<figure class=\"gb-block-image gb-block-image-08cff28b\"><a href=\"https:\/\/www.youtube.com\/@mistervanlife\" target=\"_blank\" rel=\"noopener noreferrer\"><img loading=\"lazy\" decoding=\"async\" width=\"1920\" height=\"1080\" class=\"gb-image gb-image-08cff28b\" src=\"https:\/\/mister-vanlife.fr\/wp-content\/uploads\/2024\/11\/chaine-youtube-mister-vanlife.jpg\" alt=\"\" title=\"youtube-Kanal mister vanlife\" srcset=\"https:\/\/mister-vanlife.fr\/wp-content\/uploads\/2024\/11\/chaine-youtube-mister-vanlife.jpg 1920w, https:\/\/mister-vanlife.fr\/wp-content\/uploads\/2024\/11\/chaine-youtube-mister-vanlife-600x338.jpg 600w, https:\/\/mister-vanlife.fr\/wp-content\/uploads\/2024\/11\/chaine-youtube-mister-vanlife-300x169.jpg 300w, https:\/\/mister-vanlife.fr\/wp-content\/uploads\/2024\/11\/chaine-youtube-mister-vanlife-1024x576.jpg 1024w, https:\/\/mister-vanlife.fr\/wp-content\/uploads\/2024\/11\/chaine-youtube-mister-vanlife-768x432.jpg 768w, https:\/\/mister-vanlife.fr\/wp-content\/uploads\/2024\/11\/chaine-youtube-mister-vanlife-1536x864.jpg 1536w\" sizes=\"auto, (max-width: 1920px) 100vw, 1920px\" \/><\/a><\/figure>\n\n<\/div>\n\n<div class=\"gb-container gb-container-9473efd5\">\n\n<h3 class=\"gb-headline gb-headline-1708f52c gb-headline-text\"><span class=\"ez-toc-section\" id=\"chaine_youtube_mister_vanlife\"><\/span>Youtube-Kanal Mister Vanlife<span class=\"ez-toc-section-end\"><\/span><\/h3>\n\n\n\n<p class=\"gb-headline gb-headline-d9df8845 gb-headline-text\">Der YouTube-Kanal Mister Vanlife ist allen gewidmet, die sich f\u00fcr die Energieautonomie in ihrem Van oder Haus begeistern. Er bietet praktische Tutorials, Expertenratschl\u00e4ge und Tipps zur erfolgreichen Elektroinstallation und zur Optimierung der Energieunabh\u00e4ngigkeit.<a href=\"https:\/\/gpsites.co\/realtor\/?preview_id=3575&amp;preview_nonce=4514a831c8&amp;preview=true#\"><\/a><\/p>\n\n\n\n<a class=\"gb-button gb-button-25942681 gb-button-text\" href=\"https:\/\/www.youtube.com\/@mistervanlife\" target=\"_blank\" rel=\"noopener noreferrer\">mehr erfahren<\/a>\n\n<\/div>\n<\/div>\n<\/div>\n<\/div>\n\n<div class=\"gb-container gb-container-3147536f\">\n<div class=\"gb-container gb-container-1365c823\">\n\n<h2 class=\"gb-headline gb-headline-dfeb4e43 gb-headline-text\"><span class=\"ez-toc-section\" id=\"pour_les_passionnees_dautonomie\"><\/span>F\u00fcr leidenschaftliche Selbstversorger<span class=\"ez-toc-section-end\"><\/span><\/h2>\n\n\n<div class=\"gb-container gb-container-dae07269\"><\/div>\n<\/div>\n<\/div>","protected":false},"excerpt":{"rendered":"<p>Bienvenue sur Mister Vanlife Mister Vanlife est le guide incontournable pour ma\u00eetriser l&#8217;\u00e9lectricit\u00e9 off-grid, que ce soit pour vos v\u00e9hicules am\u00e9nag\u00e9s ou pour une autonomie \u00e9lectrique \u00e0 domicile. D\u00e9couvrez astuces, conseils et formations pour des installations fiables, optimis\u00e9es et durables, adapt\u00e9es \u00e0 tous vos besoins en \u00e9nergie nomade ou r\u00e9sidentielle. Calculateur de besoin \u00e9lectrique Le &#8230; <a title=\"Startseite\" class=\"read-more\" href=\"https:\/\/mister-vanlife.fr\/de\/\" aria-label=\"Mehr Informationen \u00fcber Accueil\">Weiterlesen &#8230;<\/a><\/p>","protected":false},"author":1,"featured_media":0,"parent":0,"menu_order":0,"comment_status":"closed","ping_status":"closed","template":"","meta":{"_acf_changed":false,"footnotes":""},"class_list":["post-3313","page","type-page","status-publish"],"acf":[],"yoast_head":"<!-- This site is optimized with the Yoast SEO plugin v26.7 - https:\/\/yoast.com\/wordpress\/plugins\/seo\/ -->\n<title>Accueil<\/title>\n<meta name=\"robots\" content=\"index, follow, max-snippet:-1, max-image-preview:large, max-video-preview:-1\" \/>\n<link rel=\"canonical\" href=\"https:\/\/mister-vanlife.fr\/de\/\" \/>\n<meta property=\"og:locale\" content=\"de_DE\" \/>\n<meta property=\"og:type\" content=\"article\" \/>\n<meta property=\"og:title\" content=\"Accueil\" \/>\n<meta property=\"og:description\" content=\"Bienvenue sur Mister Vanlife Mister Vanlife est le guide incontournable pour ma\u00eetriser l&#8217;\u00e9lectricit\u00e9 off-grid, que ce soit pour vos v\u00e9hicules am\u00e9nag\u00e9s ou pour une autonomie \u00e9lectrique \u00e0 domicile. D\u00e9couvrez astuces, conseils et formations pour des installations fiables, optimis\u00e9es et durables, adapt\u00e9es \u00e0 tous vos besoins en \u00e9nergie nomade ou r\u00e9sidentielle. Calculateur de besoin \u00e9lectrique Le ... Weiterlesen ...\" \/>\n<meta property=\"og:url\" content=\"https:\/\/mister-vanlife.fr\/de\/\" \/>\n<meta property=\"og:site_name\" content=\"Mister Vanlife\" \/>\n<meta property=\"article:modified_time\" content=\"2024-11-16T10:30:04+00:00\" \/>\n<meta property=\"og:image\" content=\"https:\/\/mister-vanlife.fr\/wp-content\/uploads\/2024\/11\/Calculer-son-besoin.jpg\" \/>\n<meta name=\"twitter:card\" content=\"summary_large_image\" \/>\n<script type=\"application\/ld+json\" class=\"yoast-schema-graph\">{\"@context\":\"https:\/\/schema.org\",\"@graph\":[{\"@type\":\"WebPage\",\"@id\":\"https:\/\/mister-vanlife.fr\/\",\"url\":\"https:\/\/mister-vanlife.fr\/\",\"name\":\"Accueil\",\"isPartOf\":{\"@id\":\"https:\/\/mister-vanlife.fr\/#website\"},\"primaryImageOfPage\":{\"@id\":\"https:\/\/mister-vanlife.fr\/#primaryimage\"},\"image\":{\"@id\":\"https:\/\/mister-vanlife.fr\/#primaryimage\"},\"thumbnailUrl\":\"https:\/\/mister-vanlife.fr\/wp-content\/uploads\/2024\/11\/Calculer-son-besoin.jpg\",\"datePublished\":\"2023-11-28T00:37:09+00:00\",\"dateModified\":\"2024-11-16T10:30:04+00:00\",\"breadcrumb\":{\"@id\":\"https:\/\/mister-vanlife.fr\/#breadcrumb\"},\"inLanguage\":\"de\",\"potentialAction\":[{\"@type\":\"ReadAction\",\"target\":[\"https:\/\/mister-vanlife.fr\/\"]}]},{\"@type\":\"ImageObject\",\"inLanguage\":\"de\",\"@id\":\"https:\/\/mister-vanlife.fr\/#primaryimage\",\"url\":\"https:\/\/mister-vanlife.fr\/wp-content\/uploads\/2024\/11\/Calculer-son-besoin.jpg\",\"contentUrl\":\"https:\/\/mister-vanlife.fr\/wp-content\/uploads\/2024\/11\/Calculer-son-besoin.jpg\"},{\"@type\":\"BreadcrumbList\",\"@id\":\"https:\/\/mister-vanlife.fr\/#breadcrumb\",\"itemListElement\":[{\"@type\":\"ListItem\",\"position\":1,\"name\":\"Accueil\",\"item\":\"https:\/\/mister-vanlife.fr\/\"},{\"@type\":\"ListItem\",\"position\":2,\"name\":\"Accueil\"}]},{\"@type\":\"WebSite\",\"@id\":\"https:\/\/mister-vanlife.fr\/#website\",\"url\":\"https:\/\/mister-vanlife.fr\/\",\"name\":\"Mister Vanlife\",\"description\":\"L&#039;am\u00e9nagement du Van et Fourgon Am\u00e9nag\u00e9\",\"publisher\":{\"@id\":\"https:\/\/mister-vanlife.fr\/#organization\"},\"potentialAction\":[{\"@type\":\"SearchAction\",\"target\":{\"@type\":\"EntryPoint\",\"urlTemplate\":\"https:\/\/mister-vanlife.fr\/?s={search_term_string}\"},\"query-input\":{\"@type\":\"PropertyValueSpecification\",\"valueRequired\":true,\"valueName\":\"search_term_string\"}}],\"inLanguage\":\"de\"},{\"@type\":\"Organization\",\"@id\":\"https:\/\/mister-vanlife.fr\/#organization\",\"name\":\"Mister Vanlife\",\"url\":\"https:\/\/mister-vanlife.fr\/\",\"logo\":{\"@type\":\"ImageObject\",\"inLanguage\":\"de\",\"@id\":\"https:\/\/mister-vanlife.fr\/#\/schema\/logo\/image\/\",\"url\":\"https:\/\/mister-vanlife.fr\/wp-content\/uploads\/2024\/11\/cropped-logo-mister-vanlife.png\",\"contentUrl\":\"https:\/\/mister-vanlife.fr\/wp-content\/uploads\/2024\/11\/cropped-logo-mister-vanlife.png\",\"width\":500,\"height\":500,\"caption\":\"Mister Vanlife\"},\"image\":{\"@id\":\"https:\/\/mister-vanlife.fr\/#\/schema\/logo\/image\/\"}}]}<\/script>\n<!-- \/ Yoast SEO plugin. -->","yoast_head_json":{"title":"Startseite","robots":{"index":"index","follow":"follow","max-snippet":"max-snippet:-1","max-image-preview":"max-image-preview:large","max-video-preview":"max-video-preview:-1"},"canonical":"https:\/\/mister-vanlife.fr\/de\/","og_locale":"de_DE","og_type":"article","og_title":"Accueil","og_description":"Bienvenue sur Mister Vanlife Mister Vanlife est le guide incontournable pour ma\u00eetriser l&#8217;\u00e9lectricit\u00e9 off-grid, que ce soit pour vos v\u00e9hicules am\u00e9nag\u00e9s ou pour une autonomie \u00e9lectrique \u00e0 domicile. D\u00e9couvrez astuces, conseils et formations pour des installations fiables, optimis\u00e9es et durables, adapt\u00e9es \u00e0 tous vos besoins en \u00e9nergie nomade ou r\u00e9sidentielle. Calculateur de besoin \u00e9lectrique Le ... Weiterlesen ...","og_url":"https:\/\/mister-vanlife.fr\/de\/","og_site_name":"Mister Vanlife","article_modified_time":"2024-11-16T10:30:04+00:00","og_image":[{"url":"https:\/\/mister-vanlife.fr\/wp-content\/uploads\/2024\/11\/Calculer-son-besoin.jpg","type":"","width":"","height":""}],"twitter_card":"summary_large_image","schema":{"@context":"https:\/\/schema.org","@graph":[{"@type":"WebPage","@id":"https:\/\/mister-vanlife.fr\/","url":"https:\/\/mister-vanlife.fr\/","name":"Startseite","isPartOf":{"@id":"https:\/\/mister-vanlife.fr\/#website"},"primaryImageOfPage":{"@id":"https:\/\/mister-vanlife.fr\/#primaryimage"},"image":{"@id":"https:\/\/mister-vanlife.fr\/#primaryimage"},"thumbnailUrl":"https:\/\/mister-vanlife.fr\/wp-content\/uploads\/2024\/11\/Calculer-son-besoin.jpg","datePublished":"2023-11-28T00:37:09+00:00","dateModified":"2024-11-16T10:30:04+00:00","breadcrumb":{"@id":"https:\/\/mister-vanlife.fr\/#breadcrumb"},"inLanguage":"de","potentialAction":[{"@type":"ReadAction","target":["https:\/\/mister-vanlife.fr\/"]}]},{"@type":"ImageObject","inLanguage":"de","@id":"https:\/\/mister-vanlife.fr\/#primaryimage","url":"https:\/\/mister-vanlife.fr\/wp-content\/uploads\/2024\/11\/Calculer-son-besoin.jpg","contentUrl":"https:\/\/mister-vanlife.fr\/wp-content\/uploads\/2024\/11\/Calculer-son-besoin.jpg"},{"@type":"BreadcrumbList","@id":"https:\/\/mister-vanlife.fr\/#breadcrumb","itemListElement":[{"@type":"ListItem","position":1,"name":"Accueil","item":"https:\/\/mister-vanlife.fr\/"},{"@type":"ListItem","position":2,"name":"Accueil"}]},{"@type":"WebSite","@id":"https:\/\/mister-vanlife.fr\/#website","url":"https:\/\/mister-vanlife.fr\/","name":"Mister Vanlife","description":"Die Einrichtung des Van und des Kastenwagens mit Eigenantrieb","publisher":{"@id":"https:\/\/mister-vanlife.fr\/#organization"},"potentialAction":[{"@type":"SearchAction","target":{"@type":"EntryPoint","urlTemplate":"https:\/\/mister-vanlife.fr\/?s={search_term_string}"},"query-input":{"@type":"PropertyValueSpecification","valueRequired":true,"valueName":"search_term_string"}}],"inLanguage":"de"},{"@type":"Organization","@id":"https:\/\/mister-vanlife.fr\/#organization","name":"Mister Vanlife","url":"https:\/\/mister-vanlife.fr\/","logo":{"@type":"ImageObject","inLanguage":"de","@id":"https:\/\/mister-vanlife.fr\/#\/schema\/logo\/image\/","url":"https:\/\/mister-vanlife.fr\/wp-content\/uploads\/2024\/11\/cropped-logo-mister-vanlife.png","contentUrl":"https:\/\/mister-vanlife.fr\/wp-content\/uploads\/2024\/11\/cropped-logo-mister-vanlife.png","width":500,"height":500,"caption":"Mister Vanlife"},"image":{"@id":"https:\/\/mister-vanlife.fr\/#\/schema\/logo\/image\/"}}]}},"_links":{"self":[{"href":"https:\/\/mister-vanlife.fr\/de\/wp-json\/wp\/v2\/pages\/3313","targetHints":{"allow":["GET"]}}],"collection":[{"href":"https:\/\/mister-vanlife.fr\/de\/wp-json\/wp\/v2\/pages"}],"about":[{"href":"https:\/\/mister-vanlife.fr\/de\/wp-json\/wp\/v2\/types\/page"}],"author":[{"embeddable":true,"href":"https:\/\/mister-vanlife.fr\/de\/wp-json\/wp\/v2\/users\/1"}],"replies":[{"embeddable":true,"href":"https:\/\/mister-vanlife.fr\/de\/wp-json\/wp\/v2\/comments?post=3313"}],"version-history":[{"count":21,"href":"https:\/\/mister-vanlife.fr\/de\/wp-json\/wp\/v2\/pages\/3313\/revisions"}],"predecessor-version":[{"id":3539,"href":"https:\/\/mister-vanlife.fr\/de\/wp-json\/wp\/v2\/pages\/3313\/revisions\/3539"}],"wp:attachment":[{"href":"https:\/\/mister-vanlife.fr\/de\/wp-json\/wp\/v2\/media?parent=3313"}],"curies":[{"name":"wp","href":"https:\/\/api.w.org\/{rel}","templated":true}]}}