{"id":3,"date":"2022-06-08T16:44:08","date_gmt":"2022-06-08T14:44:08","guid":{"rendered":"https:\/\/mister-vanlife.fr\/?page_id=3"},"modified":"2022-10-23T12:17:47","modified_gmt":"2022-10-23T10:17:47","slug":"rechtliche-hinweise","status":"publish","type":"page","link":"https:\/\/mister-vanlife.fr\/de\/rechtliche-hinweise\/","title":{"rendered":"Rechtliche Hinweise"},"content":{"rendered":"<p>C<em>n \u00dcbereinstimmung mit den Bestimmungen des Gesetzes Nr. 2004-575 vom 21. Juni 2004 \u00fcber das Vertrauen in die digitale Wirtschaft wird den Nutzern der Website https:\/\/mister-vanlife.fr die Identit\u00e4t der verschiedenen Akteure im Rahmen der Erstellung und Betreuung der Website mitgeteilt.<\/em><\/p>\n\n\n\n<h1 class=\"wp-block-heading\">Rechtliche Hinweise und Datenschutzbestimmungen :<\/h1>\n\n\n\n<div id=\"ez-toc-container\" class=\"ez-toc-v2_0_82_2 counter-hierarchy ez-toc-counter ez-toc-grey ez-toc-container-direction\">\n<div class=\"ez-toc-title-container\">\n<p class=\"ez-toc-title\" style=\"cursor:inherit\">Inhaltsverzeichnis<\/p>\n<span class=\"ez-toc-title-toggle\"><a href=\"#\" class=\"ez-toc-pull-right ez-toc-btn ez-toc-btn-xs ez-toc-btn-default ez-toc-toggle\" aria-label=\"Toggle Table of Content\"><span class=\"ez-toc-js-icon-con\"><span class=\"\"><span class=\"eztoc-hide\" style=\"display:none;\">Toggle<\/span><span class=\"ez-toc-icon-toggle-span\"><svg style=\"fill: #d8d8d8;color:#d8d8d8\" xmlns=\"http:\/\/www.w3.org\/2000\/svg\" class=\"list-377408\" width=\"20px\" height=\"20px\" viewbox=\"0 0 24 24\" fill=\"none\"><path d=\"M6 6H4v2h2V6zm14 0H8v2h12V6zM4 11h2v2H4v-2zm16 0H8v2h12v-2zM4 16h2v2H4v-2zm16 0H8v2h12v-2z\" fill=\"currentColor\"><\/path><\/svg><svg style=\"fill: #d8d8d8;color:#d8d8d8\" class=\"arrow-unsorted-368013\" xmlns=\"http:\/\/www.w3.org\/2000\/svg\" width=\"10px\" height=\"10px\" viewbox=\"0 0 24 24\" version=\"1.2\" baseprofile=\"tiny\"><path d=\"M18.2 9.3l-6.2-6.3-6.2 6.3c-.2.2-.3.4-.3.7s.1.5.3.7c.2.2.4.3.7.3h11c.3 0 .5-.1.7-.3.2-.2.3-.5.3-.7s-.1-.5-.3-.7zM5.8 14.7l6.2 6.3 6.2-6.3c.2-.2.3-.5.3-.7s-.1-.5-.3-.7c-.2-.2-.4-.3-.7-.3h-11c-.3 0-.5.1-.7.3-.2.2-.3.5-.3.7s.1.5.3.7z\"\/><\/svg><\/span><\/span><\/span><\/a><\/span><\/div>\n<nav><ul class='ez-toc-list ez-toc-list-level-1 eztoc-toggle-hide-by-default' ><li class='ez-toc-page-1 ez-toc-heading-level-2'><a class=\"ez-toc-link ez-toc-heading-1\" href=\"https:\/\/mister-vanlife.fr\/de\/rechtliche-hinweise\/#droits_dauteurs\" >Urheberrechte&nbsp;&nbsp;<\/a><\/li><li class='ez-toc-page-1 ez-toc-heading-level-2'><a class=\"ez-toc-link ez-toc-heading-2\" href=\"https:\/\/mister-vanlife.fr\/de\/rechtliche-hinweise\/#edition_du_site\" >Bearbeiten der Seite<\/a><\/li><li class='ez-toc-page-1 ez-toc-heading-level-2'><a class=\"ez-toc-link ez-toc-heading-3\" href=\"https:\/\/mister-vanlife.fr\/de\/rechtliche-hinweise\/#responsable_de_publication\" >Verantwortlich f\u00fcr die Ver\u00f6ffentlichung<\/a><\/li><li class='ez-toc-page-1 ez-toc-heading-level-2'><a class=\"ez-toc-link ez-toc-heading-4\" href=\"https:\/\/mister-vanlife.fr\/de\/rechtliche-hinweise\/#hebergeur\" >Hoster<\/a><\/li><li class='ez-toc-page-1 ez-toc-heading-level-2'><a class=\"ez-toc-link ez-toc-heading-5\" href=\"https:\/\/mister-vanlife.fr\/de\/rechtliche-hinweise\/#utilisation_des_donnees_personnelles_collectees\" >Verwendung der gesammelten pers\u00f6nlichen Daten&nbsp;<\/a><\/li><li class='ez-toc-page-1 ez-toc-heading-level-2'><a class=\"ez-toc-link ez-toc-heading-6\" href=\"https:\/\/mister-vanlife.fr\/de\/rechtliche-hinweise\/#commentaires\" >Kommentare<\/a><\/li><li class='ez-toc-page-1 ez-toc-heading-level-2'><a class=\"ez-toc-link ez-toc-heading-7\" href=\"https:\/\/mister-vanlife.fr\/de\/rechtliche-hinweise\/#medias_images_et_videos_du_site\" >Medien, Bilder und Videos der Website<\/a><\/li><li class='ez-toc-page-1 ez-toc-heading-level-2'><a class=\"ez-toc-link ez-toc-heading-8\" href=\"https:\/\/mister-vanlife.fr\/de\/rechtliche-hinweise\/#cookies\" >Cookies<\/a><\/li><li class='ez-toc-page-1 ez-toc-heading-level-2'><a class=\"ez-toc-link ez-toc-heading-9\" href=\"https:\/\/mister-vanlife.fr\/de\/rechtliche-hinweise\/#responsabilites\" >Verantwortlichkeiten<\/a><\/li><li class='ez-toc-page-1 ez-toc-heading-level-2'><a class=\"ez-toc-link ez-toc-heading-10\" href=\"https:\/\/mister-vanlife.fr\/de\/rechtliche-hinweise\/#informations_de_contact\" >Kontaktinformationen<\/a><\/li><\/ul><\/nav><\/div>\n<h2 class=\"wp-block-heading\"><span class=\"ez-toc-section\" id=\"droits_dauteurs\"><\/span>Urheberrechte&nbsp;&nbsp;<span class=\"ez-toc-section-end\"><\/span><\/h2>\n\n\n\n<p>Die Website und ihre Inhalte sind gem\u00e4\u00df den Bestimmungen der B\u00fccher I bis III des Code de la Propri\u00e9t\u00e9 Intellectuelle urheberrechtlich gesch\u00fctzt. Aus diesem Grund ist jede teilweise oder vollst\u00e4ndige Vervielf\u00e4ltigung, Darstellung, Verwendung, Anpassung, \u00c4nderung, Einarbeitung, \u00dcbersetzung und Vermarktung der auf dieser Website enthaltenen Elemente ohne die vorherige schriftliche Genehmigung der Autoren untersagt, da dies eine Verletzung des Urheberrechts darstellen kann.<\/p>\n\n\n\n<h2 class=\"wp-block-heading\"><span class=\"ez-toc-section\" id=\"edition_du_site\"><\/span>Bearbeiten der Seite<span class=\"ez-toc-section-end\"><\/span><\/h2>\n\n\n\n<p>Die Website https:\/\/mister-vanlife.fr wird von der Firma mister-vanlife.de herausgegeben.<\/p>\n\n\n\n<h2 class=\"wp-block-heading\"><span class=\"ez-toc-section\" id=\"responsable_de_publication\"><\/span>Verantwortlich f\u00fcr die Ver\u00f6ffentlichung<span class=\"ez-toc-section-end\"><\/span><\/h2>\n\n\n\n<p>mister-vanlife.de<\/p>\n\n\n\n<h2 class=\"wp-block-heading\"><span class=\"ez-toc-section\" id=\"hebergeur\"><\/span>Hoster<span class=\"ez-toc-section-end\"><\/span><\/h2>\n\n\n\n<p>Die Website https:\/\/mister-vanlife.fr wird von der Firma O2switch SARL gehostet.<\/p>\n\n\n\n<p>Der Domainname wird von O2switch SARL gehostet.<\/p>\n\n\n\n<p>Adresse: 222 Boulevard Gustave Flaubert, 63000 Clermont-Ferrand<\/p>\n\n\n\n<p>Siret-Nummer: 510 909 807 00024<\/p>\n\n\n\n<p>O2 switch ist eine GmbH mit einem Kapital von 100.000\u20ac.<\/p>\n\n\n\n<p>Die Firma O2switch ist ein Unternehmen der Zohey SAS-Gruppe mit einem Kapital von 8.000.000\u20ac.<\/p>\n\n\n\n<h2 class=\"wp-block-heading\"><span class=\"ez-toc-section\" id=\"utilisation_des_donnees_personnelles_collectees\"><\/span>Verwendung der gesammelten pers\u00f6nlichen Daten&nbsp;<span class=\"ez-toc-section-end\"><\/span><\/h2>\n\n\n\n<p>Im Allgemeinen sind Sie nicht verpflichtet, uns Ihre pers\u00f6nlichen Daten mitzuteilen, wenn Sie unsere Website besuchen. Es gibt jedoch einige Ausnahmen von diesem Grundsatz. Bei bestimmten Dienstleistungen, die auf unserer Website angeboten werden, kann es sein, dass Sie uns bestimmte Daten wie Ihren Namen, Ihre Funktion, den Namen Ihres Unternehmens, Ihre E-Mail-Adresse und Ihre Telefonnummer mitteilen m\u00fcssen. Dies ist der Fall, wenn Sie das Formular ausf\u00fcllen, das Ihnen online unter der Rubrik \"Kontakt\" angeboten wird. In jedem Fall k\u00f6nnen Sie die Angabe Ihrer pers\u00f6nlichen Daten verweigern. In diesem Fall k\u00f6nnen Sie die Dienste der Website nicht nutzen, insbesondere nicht die M\u00f6glichkeit, Informationen \u00fcber unser Unternehmen anzufordern oder Newsletter zu erhalten.<\/p>\n\n\n\n<p>Schlie\u00dflich kann diese Website automatisch bestimmte Informationen \u00fcber Sie sammeln, wenn Sie einfach auf dieser Website surfen, insbesondere Informationen \u00fcber die Nutzung der Website, wie die Bereiche, die Sie besuchen, und die Dienste, auf die Sie zugreifen, Ihre IP-Adresse, den Typ Ihres Browsers und Ihre Zugriffszeiten. Solche Informationen werden ausschlie\u00dflich f\u00fcr interne statistische Zwecke verwendet, um die Qualit\u00e4t der Ihnen angebotenen Dienstleistungen zu verbessern. Die Datenbanken sind durch die Bestimmungen des Gesetzes vom 1. Juli 1998 zur Umsetzung der Richtlinie 96\/9 vom 11. M\u00e4rz 1996 \u00fcber den rechtlichen Schutz von Datenbanken gesch\u00fctzt.<\/p>\n\n\n\n<h2 class=\"wp-block-heading\"><span class=\"ez-toc-section\" id=\"commentaires\"><\/span>Kommentare<span class=\"ez-toc-section-end\"><\/span><\/h2>\n\n\n\n<p>Wenn Sie einen Kommentar auf unserer Website hinterlassen, werden die im Kommentarformular eingetragenen Daten, aber auch Ihre IP-Adresse und der User Agent Ihres Browsers gesammelt, um uns bei der Erkennung unerw\u00fcnschter Kommentare zu helfen.<\/p>\n\n\n\n<p>Eine anonymisierte Zeichenfolge, die aus Ihrer E-Mail-Adresse erstellt wird (auch Hash genannt), kann an den Gravatar-Dienst gesendet werden, um zu \u00fcberpr\u00fcfen, ob Sie den Dienst nutzen. Die Datenschutzbestimmungen des Gravatar-Dienstes finden Sie hier :&nbsp;<\/p>\n\n\n\n<p>Nachdem Sie Ihren Kommentar freigeschaltet haben, wird Ihr Profilbild neben Ihrem Kommentar \u00f6ffentlich sichtbar sein.<\/p>\n\n\n\n<p>Wenn Sie einen Kommentar auf unserer Website abgeben, wird Ihnen angeboten, Ihren Namen, Ihre E-Mail-Adresse und Ihre Website in Cookies zu speichern. Dies dient lediglich Ihrer Bequemlichkeit, damit Sie diese Informationen nicht eingeben m\u00fcssen, wenn Sie sp\u00e4ter einen weiteren Kommentar abgeben. Diese Cookies laufen nach einem Jahr ab.<\/p>\n\n\n\n<p>Wenn Sie einen Kommentar hinterlassen, werden der Kommentar und seine Metadaten auf unbestimmte Zeit gespeichert. Dadurch werden nachfolgende Kommentare automatisch erkannt und genehmigt, anstatt sie in der Moderationswarteschlange zu belassen.<\/p>\n\n\n\n<p>Die Artikel auf dieser Website k\u00f6nnen eingebettete Inhalte enthalten (z. B. Videos, Bilder, Artikel ...). Von anderen Websites eingebettete Inhalte verhalten sich genauso, als w\u00fcrde der Besucher diese andere Website besuchen. Diese Websites k\u00f6nnen Daten \u00fcber Sie sammeln, Cookies verwenden, Tracking-Tools von Drittanbietern einbetten und Ihre Interaktionen mit diesen eingebetteten Inhalten verfolgen, wenn Sie ein angemeldetes Konto auf ihrer Website haben.<\/p>\n\n\n\n<h2 class=\"wp-block-heading\"><span class=\"ez-toc-section\" id=\"medias_images_et_videos_du_site\"><\/span>Medien, Bilder und Videos der Website<span class=\"ez-toc-section-end\"><\/span><\/h2>\n\n\n\n<p>Die Bilder und Videos, die auf https:\/\/mister-vanlife.fr verwendet und ver\u00f6ffentlicht werden, stammen aus dem Internet.  Wir versuchen so weit wie m\u00f6glich, lizenzfreie Bilder z. B. \u00fcber https:\/\/pixabay.com\/fr\/ zu verwenden.&nbsp;<\/p>\n\n\n\n<p>Wenn jedoch ein Bild oder Video, dessen Rechte nicht frei sind, auf unserer Seite verwendet wurde, werden wir das Material sofort entfernen, nachdem Sie uns \u00fcber contact@mister-vanlife.fr kontaktiert haben.&nbsp;<\/p>\n\n\n\n<h2 class=\"wp-block-heading\"><span class=\"ez-toc-section\" id=\"cookies\"><\/span>Cookies<span class=\"ez-toc-section-end\"><\/span><\/h2>\n\n\n\n<p>Was ist ein \"Cookie\"?<\/p>\n\n\n\n<p>Ein \"Cookie\" oder Tracer ist eine elektronische Datei, die auf einem Endger\u00e4t (Computer, Tablet, Smartphone, ...) abgelegt und z. B. beim Besuch einer Website, beim Lesen einer E-Mail, bei der Installation oder Nutzung einer Software oder einer mobilen Anwendung gelesen wird, und zwar unabh\u00e4ngig von der Art des verwendeten Endger\u00e4ts (Quelle: https:\/\/www.cnil.fr\/fr\/cookies-traceurs-que-dit-la-loi ).<\/p>\n\n\n\n<p>Wenn Sie auf dieser Website surfen, k\u00f6nnen \"Cookies\", die von der f\u00fcr die betreffende Website verantwortlichen Gesellschaft und\/oder von Drittfirmen stammen, auf Ihrem Terminal abgelegt werden.<\/p>\n\n\n\n<p>Bei der ersten Navigation auf dieser Website erscheint ein Banner, das die Verwendung von \"Cookies\" erl\u00e4utert. Wenn der Kunde und\/oder Interessent weiter surft, wird davon ausgegangen, dass er \u00fcber die Verwendung von Cookies informiert ist und diese akzeptiert. Der Nutzer hat die M\u00f6glichkeit, Cookies \u00fcber die Einstellungen seines Browsers zu deaktivieren.<\/p>\n\n\n\n<p>Alle gesammelten Informationen werden nur dazu verwendet, das Volumen, die Art und das Muster des Verkehrs, der diese Website nutzt, zu verfolgen, das Design und Layout der Website zu entwickeln und f\u00fcr andere Verwaltungs- und Planungszwecke sowie allgemein zur Verbesserung der Dienstleistungen, die wir Ihnen anbieten, zu nutzen.<\/p>\n\n\n\n<p>Cookies\" werden auch von einigen von mister-vanlife.de unabh\u00e4ngigen Diensten verwendet, um Ihre Identifizierungen auf sozialen Websites zu speichern oder gezielte Werbung zu liefern.<\/p>\n\n\n\n<ul class=\"wp-block-list\"><li>Google Analytics verwendet Cookies, um Statistiken zu erstellen: <a href=\"http:\/\/tools.google.com\/dlpage\/gaoptout\" rel=\"nofollow\">weitere Informationen<\/a><\/li><li>Google : <a href=\"https:\/\/policies.google.com\/\" rel=\"nofollow\">Datenschutzbestimmungen und Nutzungsbedingungen<\/a><\/li><\/ul>\n\n\n\n<p>Epic-guitare-electrique.com bietet Ihnen auch Zugang zu verschiedenen sozialen Netzwerken wie Facebook, Twitter oder Pinterest sowie Links zu unseren verschiedenen Gesch\u00e4ftspartnern. Diese Dienste nutzen ebenfalls Cookies. Diese Partner k\u00f6nnen diese Informationen mit anderen Informationen kombinieren, die Sie ihnen zur Verf\u00fcgung gestellt haben oder die sie bei der Nutzung ihrer Dienste gesammelt haben.<\/p>\n\n\n\n<ul class=\"wp-block-list\"><li>Facebook verwendet Cookies : <a rel=\"nofollow\" href=\"https:\/\/www.facebook.com\/help\/365596123604315\">weitere Informationen<\/a><\/li><li>Twitter verwendet Cookies : <a rel=\"nofollow\" href=\"https:\/\/support.twitter.com\/articles\/20171379\">weitere Informationen<\/a><\/li><li>Pinterest verwendet Cookies: <a rel=\"nofollow\" href=\"https:\/\/policy.pinterest.com\/fr\/cookies\">weitere Informationen<\/a><\/li><li>Reddit verwendet Cookies : <a rel=\"nofollow\" href=\"https:\/\/www.reddit.com\/wiki\/privacypolicy\">weitere Informationen<\/a><\/li><li>LinkedIn verwendet Cookies : <a rel=\"nofollow\" href=\"https:\/\/www.linkedin.com\/legal\/cookie-policy?_l=fr_FR\">weitere Informationen<\/a><\/li><li>Amazon verwendet Cookies : <a rel=\"nofollow\" href=\"https:\/\/www.amazon.fr\/gp\/help\/customer\/display.html?nodeId=548608\">weitere Informationen<\/a><\/li><li>TradeTracker verwendet Cookies: <a rel=\"nofollow\" href=\"https:\/\/tradetracker.com\/fr\/cookie-policy\/\">weitere Informationen<\/a><\/li><\/ul>\n\n\n\n<h2 class=\"wp-block-heading\"><span class=\"ez-toc-section\" id=\"responsabilites\"><\/span>Verantwortlichkeiten<span class=\"ez-toc-section-end\"><\/span><\/h2>\n\n\n\n<p>Der Herausgeber kann nicht f\u00fcr Fehler, Pannen, Schwierigkeiten oder Betriebsunterbrechungen haftbar gemacht werden, die den Zugang zur Website oder zu einer ihrer Funktionen verhindern.<\/p>\n\n\n\n<p>Die Hardware, die Sie f\u00fcr die Verbindung mit der Website verwenden, unterliegt Ihrer alleinigen Verantwortung. Sie m\u00fcssen alle geeigneten Ma\u00dfnahmen ergreifen, um Ihre Hardware und Ihre eigenen Daten insbesondere vor Virenangriffen \u00fcber das Internet zu sch\u00fctzen. Dar\u00fcber hinaus sind Sie allein verantwortlich f\u00fcr die Websites und Daten, die Sie aufrufen.<\/p>\n\n\n\n<p>Der Herausgeber haftet nicht f\u00fcr rechtliche Schritte gegen Sie:<\/p>\n\n\n\n<p>- aufgrund der Nutzung der Website oder eines \u00fcber das Internet zug\u00e4nglichen Dienstes ;<\/p>\n\n\n\n<p>- aufgrund Ihrer Nichteinhaltung der vorliegenden Allgemeinen Gesch\u00e4ftsbedingungen.<\/p>\n\n\n\n<p>Der Herausgeber haftet nicht f\u00fcr Sch\u00e4den, die Ihnen, Dritten und\/oder Ihrer Ausr\u00fcstung durch Ihre Verbindung oder Nutzung der Website entstehen, und Sie verzichten auf jegliche Klage gegen ihn aus diesem Grund.<\/p>\n\n\n\n<p>Sollte der Herausgeber aufgrund Ihrer Nutzung der Website Gegenstand eines g\u00fctlichen oder gerichtlichen Verfahrens werden, kann er sich an Sie wenden, um alle Sch\u00e4den, Summen, Verurteilungen und Kosten, die sich aus diesem Verfahren ergeben k\u00f6nnten, ersetzt zu bekommen.<\/p>\n\n\n\n<h2 class=\"wp-block-heading\"><span class=\"ez-toc-section\" id=\"informations_de_contact\"><\/span>Kontaktinformationen<span class=\"ez-toc-section-end\"><\/span><\/h2>\n\n\n\n<p>Bei Fragen, Informationen zu den auf der Website vorgestellten Produkten oder zur Website selbst k\u00f6nnen Sie eine Nachricht an die folgende Adresse schicken: contact@mister-vanlife.fr<\/p>","protected":false},"excerpt":{"rendered":"<p>Conform\u00e9ment aux dispositions de la loi n\u00b0 2004-575 du 21 juin 2004 pour la confiance en l\u2019\u00e9conomie num\u00e9rique, il est pr\u00e9cis\u00e9 aux utilisateurs du site https:\/\/mister-vanlife.fr l\u2019identit\u00e9 des diff\u00e9rents intervenants dans le cadre de sa r\u00e9alisation et de son suivi. Mentions l\u00e9gales et politique de confidentialit\u00e9 : Droits d\u2019auteurs&nbsp;&nbsp; Le site et ses contenus sont &#8230; <a title=\"Rechtliche Hinweise\" class=\"read-more\" href=\"https:\/\/mister-vanlife.fr\/de\/rechtliche-hinweise\/\" aria-label=\"Mehr Informationen \u00fcber Mentions l\u00e9gales\">Weiterlesen &#8230;<\/a><\/p>","protected":false},"author":1,"featured_media":0,"parent":0,"menu_order":0,"comment_status":"closed","ping_status":"closed","template":"","meta":{"_acf_changed":false,"footnotes":""},"class_list":["post-3","page","type-page","status-publish"],"acf":[],"yoast_head":"<!-- This site is optimized with the Yoast SEO plugin v26.7 - https:\/\/yoast.com\/wordpress\/plugins\/seo\/ -->\n<title>Mentions l\u00e9gales<\/title>\n<meta name=\"robots\" content=\"noindex, nofollow\" \/>\n<meta property=\"og:locale\" content=\"de_DE\" \/>\n<meta property=\"og:type\" content=\"article\" \/>\n<meta property=\"og:title\" content=\"Mentions l\u00e9gales\" \/>\n<meta property=\"og:description\" content=\"Conform\u00e9ment aux dispositions de la loi n\u00b0 2004-575 du 21 juin 2004 pour la confiance en l\u2019\u00e9conomie num\u00e9rique, il est pr\u00e9cis\u00e9 aux utilisateurs du site https:\/\/mister-vanlife.fr l\u2019identit\u00e9 des diff\u00e9rents intervenants dans le cadre de sa r\u00e9alisation et de son suivi. Mentions l\u00e9gales et politique de confidentialit\u00e9 : Droits d\u2019auteurs&nbsp;&nbsp; Le site et ses contenus sont ... Weiterlesen ...\" \/>\n<meta property=\"og:url\" content=\"https:\/\/mister-vanlife.fr\/de\/rechtliche-hinweise\/\" \/>\n<meta property=\"og:site_name\" content=\"Mister Vanlife\" \/>\n<meta property=\"article:modified_time\" content=\"2022-10-23T10:17:47+00:00\" \/>\n<meta name=\"twitter:card\" content=\"summary_large_image\" \/>\n<script type=\"application\/ld+json\" class=\"yoast-schema-graph\">{\"@context\":\"https:\/\/schema.org\",\"@graph\":[{\"@type\":\"WebPage\",\"@id\":\"https:\/\/mister-vanlife.fr\/mentions-legales\/\",\"url\":\"https:\/\/mister-vanlife.fr\/mentions-legales\/\",\"name\":\"Mentions l\u00e9gales\",\"isPartOf\":{\"@id\":\"https:\/\/mister-vanlife.fr\/#website\"},\"datePublished\":\"2022-06-08T14:44:08+00:00\",\"dateModified\":\"2022-10-23T10:17:47+00:00\",\"breadcrumb\":{\"@id\":\"https:\/\/mister-vanlife.fr\/mentions-legales\/#breadcrumb\"},\"inLanguage\":\"de\",\"potentialAction\":[{\"@type\":\"ReadAction\",\"target\":[\"https:\/\/mister-vanlife.fr\/mentions-legales\/\"]}]},{\"@type\":\"BreadcrumbList\",\"@id\":\"https:\/\/mister-vanlife.fr\/mentions-legales\/#breadcrumb\",\"itemListElement\":[{\"@type\":\"ListItem\",\"position\":1,\"name\":\"Accueil\",\"item\":\"https:\/\/mister-vanlife.fr\/\"},{\"@type\":\"ListItem\",\"position\":2,\"name\":\"Mentions l\u00e9gales\"}]},{\"@type\":\"WebSite\",\"@id\":\"https:\/\/mister-vanlife.fr\/#website\",\"url\":\"https:\/\/mister-vanlife.fr\/\",\"name\":\"Mister Vanlife\",\"description\":\"L&#039;am\u00e9nagement du Van et Fourgon Am\u00e9nag\u00e9\",\"publisher\":{\"@id\":\"https:\/\/mister-vanlife.fr\/#organization\"},\"potentialAction\":[{\"@type\":\"SearchAction\",\"target\":{\"@type\":\"EntryPoint\",\"urlTemplate\":\"https:\/\/mister-vanlife.fr\/?s={search_term_string}\"},\"query-input\":{\"@type\":\"PropertyValueSpecification\",\"valueRequired\":true,\"valueName\":\"search_term_string\"}}],\"inLanguage\":\"de\"},{\"@type\":\"Organization\",\"@id\":\"https:\/\/mister-vanlife.fr\/#organization\",\"name\":\"Mister Vanlife\",\"url\":\"https:\/\/mister-vanlife.fr\/\",\"logo\":{\"@type\":\"ImageObject\",\"inLanguage\":\"de\",\"@id\":\"https:\/\/mister-vanlife.fr\/#\/schema\/logo\/image\/\",\"url\":\"https:\/\/mister-vanlife.fr\/wp-content\/uploads\/2024\/11\/cropped-logo-mister-vanlife.png\",\"contentUrl\":\"https:\/\/mister-vanlife.fr\/wp-content\/uploads\/2024\/11\/cropped-logo-mister-vanlife.png\",\"width\":500,\"height\":500,\"caption\":\"Mister Vanlife\"},\"image\":{\"@id\":\"https:\/\/mister-vanlife.fr\/#\/schema\/logo\/image\/\"}}]}<\/script>\n<!-- \/ Yoast SEO plugin. -->","yoast_head_json":{"title":"Rechtliche Hinweise","robots":{"index":"noindex","follow":"nofollow"},"og_locale":"de_DE","og_type":"article","og_title":"Mentions l\u00e9gales","og_description":"Conform\u00e9ment aux dispositions de la loi n\u00b0 2004-575 du 21 juin 2004 pour la confiance en l\u2019\u00e9conomie num\u00e9rique, il est pr\u00e9cis\u00e9 aux utilisateurs du site https:\/\/mister-vanlife.fr l\u2019identit\u00e9 des diff\u00e9rents intervenants dans le cadre de sa r\u00e9alisation et de son suivi. Mentions l\u00e9gales et politique de confidentialit\u00e9 : Droits d\u2019auteurs&nbsp;&nbsp; Le site et ses contenus sont ... Weiterlesen ...","og_url":"https:\/\/mister-vanlife.fr\/de\/rechtliche-hinweise\/","og_site_name":"Mister Vanlife","article_modified_time":"2022-10-23T10:17:47+00:00","twitter_card":"summary_large_image","schema":{"@context":"https:\/\/schema.org","@graph":[{"@type":"WebPage","@id":"https:\/\/mister-vanlife.fr\/mentions-legales\/","url":"https:\/\/mister-vanlife.fr\/mentions-legales\/","name":"Rechtliche Hinweise","isPartOf":{"@id":"https:\/\/mister-vanlife.fr\/#website"},"datePublished":"2022-06-08T14:44:08+00:00","dateModified":"2022-10-23T10:17:47+00:00","breadcrumb":{"@id":"https:\/\/mister-vanlife.fr\/mentions-legales\/#breadcrumb"},"inLanguage":"de","potentialAction":[{"@type":"ReadAction","target":["https:\/\/mister-vanlife.fr\/mentions-legales\/"]}]},{"@type":"BreadcrumbList","@id":"https:\/\/mister-vanlife.fr\/mentions-legales\/#breadcrumb","itemListElement":[{"@type":"ListItem","position":1,"name":"Accueil","item":"https:\/\/mister-vanlife.fr\/"},{"@type":"ListItem","position":2,"name":"Mentions l\u00e9gales"}]},{"@type":"WebSite","@id":"https:\/\/mister-vanlife.fr\/#website","url":"https:\/\/mister-vanlife.fr\/","name":"Mister Vanlife","description":"Die Einrichtung des Van und des Kastenwagens mit Eigenantrieb","publisher":{"@id":"https:\/\/mister-vanlife.fr\/#organization"},"potentialAction":[{"@type":"SearchAction","target":{"@type":"EntryPoint","urlTemplate":"https:\/\/mister-vanlife.fr\/?s={search_term_string}"},"query-input":{"@type":"PropertyValueSpecification","valueRequired":true,"valueName":"search_term_string"}}],"inLanguage":"de"},{"@type":"Organization","@id":"https:\/\/mister-vanlife.fr\/#organization","name":"Mister Vanlife","url":"https:\/\/mister-vanlife.fr\/","logo":{"@type":"ImageObject","inLanguage":"de","@id":"https:\/\/mister-vanlife.fr\/#\/schema\/logo\/image\/","url":"https:\/\/mister-vanlife.fr\/wp-content\/uploads\/2024\/11\/cropped-logo-mister-vanlife.png","contentUrl":"https:\/\/mister-vanlife.fr\/wp-content\/uploads\/2024\/11\/cropped-logo-mister-vanlife.png","width":500,"height":500,"caption":"Mister Vanlife"},"image":{"@id":"https:\/\/mister-vanlife.fr\/#\/schema\/logo\/image\/"}}]}},"_links":{"self":[{"href":"https:\/\/mister-vanlife.fr\/de\/wp-json\/wp\/v2\/pages\/3","targetHints":{"allow":["GET"]}}],"collection":[{"href":"https:\/\/mister-vanlife.fr\/de\/wp-json\/wp\/v2\/pages"}],"about":[{"href":"https:\/\/mister-vanlife.fr\/de\/wp-json\/wp\/v2\/types\/page"}],"author":[{"embeddable":true,"href":"https:\/\/mister-vanlife.fr\/de\/wp-json\/wp\/v2\/users\/1"}],"replies":[{"embeddable":true,"href":"https:\/\/mister-vanlife.fr\/de\/wp-json\/wp\/v2\/comments?post=3"}],"version-history":[{"count":5,"href":"https:\/\/mister-vanlife.fr\/de\/wp-json\/wp\/v2\/pages\/3\/revisions"}],"predecessor-version":[{"id":1833,"href":"https:\/\/mister-vanlife.fr\/de\/wp-json\/wp\/v2\/pages\/3\/revisions\/1833"}],"wp:attachment":[{"href":"https:\/\/mister-vanlife.fr\/de\/wp-json\/wp\/v2\/media?parent=3"}],"curies":[{"name":"wp","href":"https:\/\/api.w.org\/{rel}","templated":true}]}}