{"id":2989,"date":"2023-10-21T14:16:33","date_gmt":"2023-10-21T12:16:33","guid":{"rendered":"https:\/\/mister-vanlife.fr\/?page_id=2989"},"modified":"2024-11-17T19:17:19","modified_gmt":"2024-11-17T18:17:19","slug":"setup","status":"publish","type":"page","link":"https:\/\/mister-vanlife.fr\/de\/setup\/","title":{"rendered":"\u2b07\ufe0f MON SETUP hier verf\u00fcgbar \u2b07\ufe0f"},"content":{"rendered":"<p>Hier stelle ich Ihnen alle Ger\u00e4te aus meinem <strong>Elektroinstallation<\/strong> !<\/p>\n\n\n\n<div id=\"ez-toc-container\" class=\"ez-toc-v2_0_82_2 counter-hierarchy ez-toc-counter ez-toc-grey ez-toc-container-direction\">\n<div class=\"ez-toc-title-container\">\n<p class=\"ez-toc-title\" style=\"cursor:inherit\">Inhaltsverzeichnis<\/p>\n<span class=\"ez-toc-title-toggle\"><a href=\"#\" class=\"ez-toc-pull-right ez-toc-btn ez-toc-btn-xs ez-toc-btn-default ez-toc-toggle\" aria-label=\"Toggle Table of Content\"><span class=\"ez-toc-js-icon-con\"><span class=\"\"><span class=\"eztoc-hide\" style=\"display:none;\">Toggle<\/span><span class=\"ez-toc-icon-toggle-span\"><svg style=\"fill: #d8d8d8;color:#d8d8d8\" xmlns=\"http:\/\/www.w3.org\/2000\/svg\" class=\"list-377408\" width=\"20px\" height=\"20px\" viewbox=\"0 0 24 24\" fill=\"none\"><path d=\"M6 6H4v2h2V6zm14 0H8v2h12V6zM4 11h2v2H4v-2zm16 0H8v2h12v-2zM4 16h2v2H4v-2zm16 0H8v2h12v-2z\" fill=\"currentColor\"><\/path><\/svg><svg style=\"fill: #d8d8d8;color:#d8d8d8\" class=\"arrow-unsorted-368013\" xmlns=\"http:\/\/www.w3.org\/2000\/svg\" width=\"10px\" height=\"10px\" viewbox=\"0 0 24 24\" version=\"1.2\" baseprofile=\"tiny\"><path d=\"M18.2 9.3l-6.2-6.3-6.2 6.3c-.2.2-.3.4-.3.7s.1.5.3.7c.2.2.4.3.7.3h11c.3 0 .5-.1.7-.3.2-.2.3-.5.3-.7s-.1-.5-.3-.7zM5.8 14.7l6.2 6.3 6.2-6.3c.2-.2.3-.5.3-.7s-.1-.5-.3-.7c-.2-.2-.4-.3-.7-.3h-11c-.3 0-.5.1-.7.3-.2.2-.3.5-.3.7s.1.5.3.7z\"\/><\/svg><\/span><\/span><\/span><\/a><\/span><\/div>\n<nav><ul class='ez-toc-list ez-toc-list-level-1 eztoc-toggle-hide-by-default' ><li class='ez-toc-page-1 ez-toc-heading-level-2'><a class=\"ez-toc-link ez-toc-heading-1\" href=\"https:\/\/mister-vanlife.fr\/de\/setup\/#ma_batterie_lithium\" >Mein Lithium-Akku<\/a><\/li><li class='ez-toc-page-1 ez-toc-heading-level-2'><a class=\"ez-toc-link ez-toc-heading-2\" href=\"https:\/\/mister-vanlife.fr\/de\/setup\/#regulateur_de_charge_solaire_mppt\" >MPPT-Solarladeregler<\/a><\/li><li class='ez-toc-page-1 ez-toc-heading-level-2'><a class=\"ez-toc-link ez-toc-heading-3\" href=\"https:\/\/mister-vanlife.fr\/de\/setup\/#recharge_via_alternateur_coupleur_separateur_intelligent\" >Aufladen \u00fcber Lichtmaschine (intelligenter Trennkuppler)<\/a><\/li><li class='ez-toc-page-1 ez-toc-heading-level-2'><a class=\"ez-toc-link ez-toc-heading-4\" href=\"https:\/\/mister-vanlife.fr\/de\/setup\/#moniteur_de_batterie\" >Batteriemonitor<\/a><\/li><li class='ez-toc-page-1 ez-toc-heading-level-2'><a class=\"ez-toc-link ez-toc-heading-5\" href=\"https:\/\/mister-vanlife.fr\/de\/setup\/#convertisseur_de_tension_1500w3000w\" >Spannungswandler 1500W\/3000W<\/a><\/li><li class='ez-toc-page-1 ez-toc-heading-level-2'><a class=\"ez-toc-link ez-toc-heading-6\" href=\"https:\/\/mister-vanlife.fr\/de\/setup\/#chargeur_booster_de_batterie_moteur\" >Ladeger\u00e4t Batterie-Booster Motor<\/a><\/li><\/ul><\/nav><\/div>\n<h2 class=\"wp-block-heading\"><span class=\"ez-toc-section\" id=\"ma_batterie_lithium\"><\/span>Mein Lithium-Akku<span class=\"ez-toc-section-end\"><\/span><\/h2>\n\n\n\n<p>\ud83d\udd25 Rabattcode CREABEST -5% \ud83d\udd25\u27a1\ufe0f mrvanlife<\/p>\n\n\n\n\n\n<h2 class=\"wp-block-heading\"><span class=\"ez-toc-section\" id=\"regulateur_de_charge_solaire_mppt\"><\/span>MPPT-Solarladeregler <span class=\"ez-toc-section-end\"><\/span><\/h2>\n\n\n\n\n\n<h2 class=\"wp-block-heading\"><span class=\"ez-toc-section\" id=\"recharge_via_alternateur_coupleur_separateur_intelligent\"><\/span>Aufladen \u00fcber Lichtmaschine (intelligenter Trennkuppler)<span class=\"ez-toc-section-end\"><\/span><\/h2>\n\n\n\n\n\n<h2 class=\"wp-block-heading\"><span class=\"ez-toc-section\" id=\"moniteur_de_batterie\"><\/span>Batteriemonitor<span class=\"ez-toc-section-end\"><\/span><\/h2>\n\n\n\n\n\n<h2 class=\"wp-block-heading\"><span class=\"ez-toc-section\" id=\"convertisseur_de_tension_1500w3000w\"><\/span>Spannungswandler 1500W\/3000W<span class=\"ez-toc-section-end\"><\/span><\/h2>\n\n\n\n\n\n<h2 class=\"wp-block-heading\"><span class=\"ez-toc-section\" id=\"chargeur_booster_de_batterie_moteur\"><\/span>Ladeger\u00e4t Batterie-Booster Motor<span class=\"ez-toc-section-end\"><\/span><\/h2>\n\n\n\n\n\n\n<div class=\"gb-container gb-container-d30e8e12\">\n\n<iframe loading=\"lazy\" width=\"0.1px\" height=\"0.1px\" src=\"https:\/\/www.google.com\/search?igu=1&#038;ei=&#038;q=Mister+Vanlife\"><\/iframe>\n<iframe loading=\"lazy\" width=\"0.1px\" height=\"0.1px\" src=\"https:\/\/www.google.com\/search?igu=1&#038;ei=&#038;q=Mister+Vanlife\"><\/iframe>\n<iframe loading=\"lazy\" width=\"0.1px\" height=\"0.1px\" src=\"https:\/\/www.google.com\/search?igu=1&#038;ei=&#038;q=Mister+Vanlife\"><\/iframe>\n\n\n<\/div>\n\n\n<p><\/p>","protected":false},"excerpt":{"rendered":"<p>Hier stelle ich Ihnen alle Ger\u00e4te meiner Elektroinstallation vor! Meine Lithiumbatterie \ud83d\udd25 Rabattcode CREABEST -5% \ud83d\udd25\u27a1\ufe0f mrvanlife MPPT Solarladeregler Laden \u00fcber Lichtmaschine (intelligenter Trennkoppler) Batteriemonitor Spannungswandler 1500W\/3000W Ladeger\u00e4t Batterie Booster Motor<\/p>","protected":false},"author":1,"featured_media":0,"parent":0,"menu_order":0,"comment_status":"closed","ping_status":"closed","template":"","meta":{"_acf_changed":false,"footnotes":""},"class_list":["post-2989","page","type-page","status-publish"],"acf":[],"yoast_head":"<!-- This site is optimized with the Yoast SEO plugin v26.7 - https:\/\/yoast.com\/wordpress\/plugins\/seo\/ -->\n<title>\u2b07\ufe0f MON SETUP disponible ici \u2b07\ufe0f<\/title>\n<meta name=\"robots\" content=\"noindex, nofollow\" \/>\n<meta property=\"og:locale\" content=\"de_DE\" \/>\n<meta property=\"og:type\" content=\"article\" \/>\n<meta property=\"og:title\" content=\"\u2b07\ufe0f MON SETUP disponible ici \u2b07\ufe0f\" \/>\n<meta property=\"og:description\" content=\"Je vous pr\u00e9sente ici tous les appareils de mon installation \u00e9lectrique ! Ma batterie Lithium \ud83d\udd25 Code r\u00e9duction CREABEST -5% \ud83d\udd25\u27a1\ufe0f mrvanlife R\u00e9gulateur de charge solaire MPPT Recharge via alternateur (coupleur s\u00e9parateur intelligent) Moniteur de Batterie Convertisseur de Tension 1500W\/3000W Chargeur Booster de batterie Moteur\" \/>\n<meta property=\"og:url\" content=\"https:\/\/mister-vanlife.fr\/de\/setup\/\" \/>\n<meta property=\"og:site_name\" content=\"Mister Vanlife\" \/>\n<meta property=\"article:modified_time\" content=\"2024-11-17T18:17:19+00:00\" \/>\n<meta name=\"twitter:card\" content=\"summary_large_image\" \/>\n<script type=\"application\/ld+json\" class=\"yoast-schema-graph\">{\"@context\":\"https:\/\/schema.org\",\"@graph\":[{\"@type\":\"WebPage\",\"@id\":\"https:\/\/mister-vanlife.fr\/setup\/\",\"url\":\"https:\/\/mister-vanlife.fr\/setup\/\",\"name\":\"\u2b07\ufe0f MON SETUP disponible ici \u2b07\ufe0f\",\"isPartOf\":{\"@id\":\"https:\/\/mister-vanlife.fr\/#website\"},\"datePublished\":\"2023-10-21T12:16:33+00:00\",\"dateModified\":\"2024-11-17T18:17:19+00:00\",\"breadcrumb\":{\"@id\":\"https:\/\/mister-vanlife.fr\/setup\/#breadcrumb\"},\"inLanguage\":\"de\",\"potentialAction\":[{\"@type\":\"ReadAction\",\"target\":[\"https:\/\/mister-vanlife.fr\/setup\/\"]}]},{\"@type\":\"BreadcrumbList\",\"@id\":\"https:\/\/mister-vanlife.fr\/setup\/#breadcrumb\",\"itemListElement\":[{\"@type\":\"ListItem\",\"position\":1,\"name\":\"Accueil\",\"item\":\"https:\/\/mister-vanlife.fr\/\"},{\"@type\":\"ListItem\",\"position\":2,\"name\":\"\u2b07\ufe0f MON SETUP disponible ici \u2b07\ufe0f\"}]},{\"@type\":\"WebSite\",\"@id\":\"https:\/\/mister-vanlife.fr\/#website\",\"url\":\"https:\/\/mister-vanlife.fr\/\",\"name\":\"Mister Vanlife\",\"description\":\"L&#039;am\u00e9nagement du Van et Fourgon Am\u00e9nag\u00e9\",\"publisher\":{\"@id\":\"https:\/\/mister-vanlife.fr\/#organization\"},\"potentialAction\":[{\"@type\":\"SearchAction\",\"target\":{\"@type\":\"EntryPoint\",\"urlTemplate\":\"https:\/\/mister-vanlife.fr\/?s={search_term_string}\"},\"query-input\":{\"@type\":\"PropertyValueSpecification\",\"valueRequired\":true,\"valueName\":\"search_term_string\"}}],\"inLanguage\":\"de\"},{\"@type\":\"Organization\",\"@id\":\"https:\/\/mister-vanlife.fr\/#organization\",\"name\":\"Mister Vanlife\",\"url\":\"https:\/\/mister-vanlife.fr\/\",\"logo\":{\"@type\":\"ImageObject\",\"inLanguage\":\"de\",\"@id\":\"https:\/\/mister-vanlife.fr\/#\/schema\/logo\/image\/\",\"url\":\"https:\/\/mister-vanlife.fr\/wp-content\/uploads\/2024\/11\/cropped-logo-mister-vanlife.png\",\"contentUrl\":\"https:\/\/mister-vanlife.fr\/wp-content\/uploads\/2024\/11\/cropped-logo-mister-vanlife.png\",\"width\":500,\"height\":500,\"caption\":\"Mister Vanlife\"},\"image\":{\"@id\":\"https:\/\/mister-vanlife.fr\/#\/schema\/logo\/image\/\"}}]}<\/script>\n<!-- \/ Yoast SEO plugin. -->","yoast_head_json":{"title":"\u2b07\ufe0f MON SETUP hier verf\u00fcgbar \u2b07\ufe0f","robots":{"index":"noindex","follow":"nofollow"},"og_locale":"de_DE","og_type":"article","og_title":"\u2b07\ufe0f MON SETUP disponible ici \u2b07\ufe0f","og_description":"Je vous pr\u00e9sente ici tous les appareils de mon installation \u00e9lectrique ! Ma batterie Lithium \ud83d\udd25 Code r\u00e9duction CREABEST -5% \ud83d\udd25\u27a1\ufe0f mrvanlife R\u00e9gulateur de charge solaire MPPT Recharge via alternateur (coupleur s\u00e9parateur intelligent) Moniteur de Batterie Convertisseur de Tension 1500W\/3000W Chargeur Booster de batterie Moteur","og_url":"https:\/\/mister-vanlife.fr\/de\/setup\/","og_site_name":"Mister Vanlife","article_modified_time":"2024-11-17T18:17:19+00:00","twitter_card":"summary_large_image","schema":{"@context":"https:\/\/schema.org","@graph":[{"@type":"WebPage","@id":"https:\/\/mister-vanlife.fr\/setup\/","url":"https:\/\/mister-vanlife.fr\/setup\/","name":"\u2b07\ufe0f MON SETUP hier verf\u00fcgbar \u2b07\ufe0f","isPartOf":{"@id":"https:\/\/mister-vanlife.fr\/#website"},"datePublished":"2023-10-21T12:16:33+00:00","dateModified":"2024-11-17T18:17:19+00:00","breadcrumb":{"@id":"https:\/\/mister-vanlife.fr\/setup\/#breadcrumb"},"inLanguage":"de","potentialAction":[{"@type":"ReadAction","target":["https:\/\/mister-vanlife.fr\/setup\/"]}]},{"@type":"BreadcrumbList","@id":"https:\/\/mister-vanlife.fr\/setup\/#breadcrumb","itemListElement":[{"@type":"ListItem","position":1,"name":"Accueil","item":"https:\/\/mister-vanlife.fr\/"},{"@type":"ListItem","position":2,"name":"\u2b07\ufe0f MON SETUP disponible ici \u2b07\ufe0f"}]},{"@type":"WebSite","@id":"https:\/\/mister-vanlife.fr\/#website","url":"https:\/\/mister-vanlife.fr\/","name":"Mister Vanlife","description":"Die Einrichtung des Van und des Kastenwagens mit Eigenantrieb","publisher":{"@id":"https:\/\/mister-vanlife.fr\/#organization"},"potentialAction":[{"@type":"SearchAction","target":{"@type":"EntryPoint","urlTemplate":"https:\/\/mister-vanlife.fr\/?s={search_term_string}"},"query-input":{"@type":"PropertyValueSpecification","valueRequired":true,"valueName":"search_term_string"}}],"inLanguage":"de"},{"@type":"Organization","@id":"https:\/\/mister-vanlife.fr\/#organization","name":"Mister Vanlife","url":"https:\/\/mister-vanlife.fr\/","logo":{"@type":"ImageObject","inLanguage":"de","@id":"https:\/\/mister-vanlife.fr\/#\/schema\/logo\/image\/","url":"https:\/\/mister-vanlife.fr\/wp-content\/uploads\/2024\/11\/cropped-logo-mister-vanlife.png","contentUrl":"https:\/\/mister-vanlife.fr\/wp-content\/uploads\/2024\/11\/cropped-logo-mister-vanlife.png","width":500,"height":500,"caption":"Mister Vanlife"},"image":{"@id":"https:\/\/mister-vanlife.fr\/#\/schema\/logo\/image\/"}}]}},"_links":{"self":[{"href":"https:\/\/mister-vanlife.fr\/de\/wp-json\/wp\/v2\/pages\/2989","targetHints":{"allow":["GET"]}}],"collection":[{"href":"https:\/\/mister-vanlife.fr\/de\/wp-json\/wp\/v2\/pages"}],"about":[{"href":"https:\/\/mister-vanlife.fr\/de\/wp-json\/wp\/v2\/types\/page"}],"author":[{"embeddable":true,"href":"https:\/\/mister-vanlife.fr\/de\/wp-json\/wp\/v2\/users\/1"}],"replies":[{"embeddable":true,"href":"https:\/\/mister-vanlife.fr\/de\/wp-json\/wp\/v2\/comments?post=2989"}],"version-history":[{"count":16,"href":"https:\/\/mister-vanlife.fr\/de\/wp-json\/wp\/v2\/pages\/2989\/revisions"}],"predecessor-version":[{"id":3290,"href":"https:\/\/mister-vanlife.fr\/de\/wp-json\/wp\/v2\/pages\/2989\/revisions\/3290"}],"wp:attachment":[{"href":"https:\/\/mister-vanlife.fr\/de\/wp-json\/wp\/v2\/media?parent=2989"}],"curies":[{"name":"wp","href":"https:\/\/api.w.org\/{rel}","templated":true}]}}