{"id":2825,"date":"2023-09-22T09:23:12","date_gmt":"2023-09-22T07:23:12","guid":{"rendered":"https:\/\/mister-vanlife.fr\/?page_id=2825"},"modified":"2024-11-17T18:37:41","modified_gmt":"2024-11-17T17:37:41","slug":"uns-kontaktieren","status":"publish","type":"page","link":"https:\/\/mister-vanlife.fr\/de\/uns-kontaktieren\/","title":{"rendered":"Kontaktieren Sie uns"},"content":{"rendered":"<p>Bitte kontaktieren Sie uns entweder \u00fcber das Formular oder an <a href=\"mailto:contact@mister-vanlife.fr\"><strong>contact@mister-vanlife.fr<\/strong><\/a><\/p>\n\n\n<style id=\"wpforms-css-vars-2822\">\n\t\t\t\t#wpforms-2822 {\n\t\t\t\t\n\t\t\t}\n\t\t\t<\/style><div class=\"wpforms-container wpforms-container-full wpforms-render-modern\" id=\"wpforms-2822\"><form id=\"wpforms-form-2822\" class=\"wpforms-validate wpforms-form wpforms-ajax-form\" data-formid=\"2822\" method=\"post\" enctype=\"multipart\/form-data\" action=\"\/de\/wp-json\/wp\/v2\/pages\/2825\" data-token=\"009142c263683a54b9bf488be799bec8\" data-token-time=\"1777549970\" data-trp-original-action=\"\/de\/wp-json\/wp\/v2\/pages\/2825\"><noscript class=\"wpforms-error-noscript\">Bitte aktiviere JavaScript in deinem Browser, um dieses Formular fertigzustellen.<\/noscript><div id=\"wpforms-error-noscript\" style=\"display: none;\">Bitte aktiviere JavaScript in deinem Browser, um dieses Formular fertigzustellen.<\/div><div class=\"wpforms-field-container\"><div id=\"wpforms-2822-field_0-container\" class=\"wpforms-field wpforms-field-name\" data-field-id=\"0\"><fieldset><legend class=\"wpforms-field-label\">Name <span class=\"wpforms-required-label\" aria-hidden=\"true\">*<\/span><\/legend><div class=\"wpforms-field-row wpforms-field-medium\"><div class=\"wpforms-field-row-block wpforms-first wpforms-one-half\"><input type=\"text\" id=\"wpforms-2822-field_0\" class=\"wpforms-field-name-first wpforms-field-required\" name=\"wpforms[fields][0][first]\" placeholder=\"Vorname\" aria-errormessage=\"wpforms-2822-field_0-error\" required><label for=\"wpforms-2822-field_0\" class=\"wpforms-field-sublabel after wpforms-sublabel-hide\">Vorname<\/label><\/div><div class=\"wpforms-field-row-block wpforms-one-half\"><input type=\"text\" id=\"wpforms-2822-field_0-last\" class=\"wpforms-field-name-last wpforms-field-required\" name=\"wpforms[fields][0][last]\" placeholder=\"Name\" aria-errormessage=\"wpforms-2822-field_0-last-error\" required><label for=\"wpforms-2822-field_0-last\" class=\"wpforms-field-sublabel after wpforms-sublabel-hide\">Nachname<\/label><\/div><\/div><\/fieldset><\/div><div id=\"wpforms-2822-field_1-container\" class=\"wpforms-field wpforms-field-email\" data-field-id=\"1\"><label class=\"wpforms-field-label\" for=\"wpforms-2822-field_1\">E-Mail <span class=\"wpforms-required-label\" aria-hidden=\"true\">*<\/span><\/label><input type=\"email\" id=\"wpforms-2822-field_1\" class=\"wpforms-field-medium wpforms-field-required\" name=\"wpforms[fields][1]\" spellcheck=\"false\" aria-errormessage=\"wpforms-2822-field_1-error\" required><\/div><div id=\"wpforms-2822-field_2-container\" class=\"wpforms-field wpforms-field-textarea\" data-field-id=\"2\"><label class=\"wpforms-field-label\" for=\"wpforms-2822-field_2\">Kommentar oder Nachricht<\/label><textarea id=\"wpforms-2822-field_2\" class=\"wpforms-field-medium\" name=\"wpforms[fields][2]\" aria-errormessage=\"wpforms-2822-field_2-error\" ><\/textarea><\/div><\/div><!-- .wpforms-field-container --><div class=\"wpforms-submit-container\" ><input type=\"hidden\" name=\"wpforms[id]\" value=\"2822\"><input type=\"hidden\" name=\"page_title\" value=\"\"><input type=\"hidden\" name=\"page_url\" value=\"https:\/\/mister-vanlife.fr\/de\/wp-json\/wp\/v2\/pages\/2825\"><input type=\"hidden\" name=\"url_referer\" value=\"\"><button type=\"submit\" name=\"wpforms[submit]\" id=\"wpforms-submit-2822\" class=\"wpforms-submit\" data-alt-text=\"Envoi...\" data-submit-text=\"Envoyer\" aria-live=\"assertive\" value=\"wpforms-submit\">Senden Sie<\/button><img loading=\"lazy\" decoding=\"async\" src=\"https:\/\/mister-vanlife.fr\/wp-content\/plugins\/wpforms-lite\/assets\/images\/submit-spin.svg\" class=\"wpforms-submit-spinner\" style=\"display: none;\" width=\"26\" height=\"26\" alt=\"Wird geladen\"><\/div><input type=\"hidden\" name=\"trp-form-language\" value=\"de\"\/><\/form><\/div>  <!-- .wpforms-container -->","protected":false},"excerpt":{"rendered":"<p>Merci de nous contacter soit via le formulaire soit \u00e0 contact@mister-vanlife.fr<\/p>","protected":false},"author":1,"featured_media":0,"parent":0,"menu_order":0,"comment_status":"closed","ping_status":"closed","template":"","meta":{"_acf_changed":false,"footnotes":""},"class_list":["post-2825","page","type-page","status-publish"],"acf":[],"yoast_head":"<!-- This site is optimized with the Yoast SEO plugin v26.7 - https:\/\/yoast.com\/wordpress\/plugins\/seo\/ -->\n<title>Comment contacter Mister Vanlife<\/title>\n<meta name=\"description\" content=\"Pour contacter Mister Vanlife, vous pouvez remplir le formulaire en y laissant votre message ! On vous r\u00e9pondra rapidement !\" \/>\n<meta name=\"robots\" content=\"index, follow, max-snippet:-1, max-image-preview:large, max-video-preview:-1\" \/>\n<link rel=\"canonical\" href=\"https:\/\/mister-vanlife.fr\/de\/uns-kontaktieren\/\" \/>\n<meta property=\"og:locale\" content=\"de_DE\" \/>\n<meta property=\"og:type\" content=\"article\" \/>\n<meta property=\"og:title\" content=\"Comment contacter Mister Vanlife\" \/>\n<meta property=\"og:description\" content=\"Pour contacter Mister Vanlife, vous pouvez remplir le formulaire en y laissant votre message ! On vous r\u00e9pondra rapidement !\" \/>\n<meta property=\"og:url\" content=\"https:\/\/mister-vanlife.fr\/de\/uns-kontaktieren\/\" \/>\n<meta property=\"og:site_name\" content=\"Mister Vanlife\" \/>\n<meta property=\"article:modified_time\" content=\"2024-11-17T17:37:41+00:00\" \/>\n<meta name=\"twitter:card\" content=\"summary_large_image\" \/>\n<script type=\"application\/ld+json\" class=\"yoast-schema-graph\">{\"@context\":\"https:\/\/schema.org\",\"@graph\":[{\"@type\":\"WebPage\",\"@id\":\"https:\/\/mister-vanlife.fr\/nous-contacter\/\",\"url\":\"https:\/\/mister-vanlife.fr\/nous-contacter\/\",\"name\":\"Comment contacter Mister Vanlife\",\"isPartOf\":{\"@id\":\"https:\/\/mister-vanlife.fr\/#website\"},\"datePublished\":\"2023-09-22T07:23:12+00:00\",\"dateModified\":\"2024-11-17T17:37:41+00:00\",\"description\":\"Pour contacter Mister Vanlife, vous pouvez remplir le formulaire en y laissant votre message ! On vous r\u00e9pondra rapidement !\",\"breadcrumb\":{\"@id\":\"https:\/\/mister-vanlife.fr\/nous-contacter\/#breadcrumb\"},\"inLanguage\":\"de\",\"potentialAction\":[{\"@type\":\"ReadAction\",\"target\":[\"https:\/\/mister-vanlife.fr\/nous-contacter\/\"]}]},{\"@type\":\"BreadcrumbList\",\"@id\":\"https:\/\/mister-vanlife.fr\/nous-contacter\/#breadcrumb\",\"itemListElement\":[{\"@type\":\"ListItem\",\"position\":1,\"name\":\"Accueil\",\"item\":\"https:\/\/mister-vanlife.fr\/\"},{\"@type\":\"ListItem\",\"position\":2,\"name\":\"Nous contacter\"}]},{\"@type\":\"WebSite\",\"@id\":\"https:\/\/mister-vanlife.fr\/#website\",\"url\":\"https:\/\/mister-vanlife.fr\/\",\"name\":\"Mister Vanlife\",\"description\":\"L&#039;am\u00e9nagement du Van et Fourgon Am\u00e9nag\u00e9\",\"publisher\":{\"@id\":\"https:\/\/mister-vanlife.fr\/#organization\"},\"potentialAction\":[{\"@type\":\"SearchAction\",\"target\":{\"@type\":\"EntryPoint\",\"urlTemplate\":\"https:\/\/mister-vanlife.fr\/?s={search_term_string}\"},\"query-input\":{\"@type\":\"PropertyValueSpecification\",\"valueRequired\":true,\"valueName\":\"search_term_string\"}}],\"inLanguage\":\"de\"},{\"@type\":\"Organization\",\"@id\":\"https:\/\/mister-vanlife.fr\/#organization\",\"name\":\"Mister Vanlife\",\"url\":\"https:\/\/mister-vanlife.fr\/\",\"logo\":{\"@type\":\"ImageObject\",\"inLanguage\":\"de\",\"@id\":\"https:\/\/mister-vanlife.fr\/#\/schema\/logo\/image\/\",\"url\":\"https:\/\/mister-vanlife.fr\/wp-content\/uploads\/2024\/11\/cropped-logo-mister-vanlife.png\",\"contentUrl\":\"https:\/\/mister-vanlife.fr\/wp-content\/uploads\/2024\/11\/cropped-logo-mister-vanlife.png\",\"width\":500,\"height\":500,\"caption\":\"Mister Vanlife\"},\"image\":{\"@id\":\"https:\/\/mister-vanlife.fr\/#\/schema\/logo\/image\/\"}}]}<\/script>\n<!-- \/ Yoast SEO plugin. -->","yoast_head_json":{"title":"Wie Sie Mister Vanlife kontaktieren k\u00f6nnen","description":"Um Mister Vanlife zu kontaktieren, k\u00f6nnen Sie das Formular ausf\u00fcllen und Ihre Nachricht hinterlassen! Wir werden Ihnen schnell antworten!","robots":{"index":"index","follow":"follow","max-snippet":"max-snippet:-1","max-image-preview":"max-image-preview:large","max-video-preview":"max-video-preview:-1"},"canonical":"https:\/\/mister-vanlife.fr\/de\/uns-kontaktieren\/","og_locale":"de_DE","og_type":"article","og_title":"Comment contacter Mister Vanlife","og_description":"Pour contacter Mister Vanlife, vous pouvez remplir le formulaire en y laissant votre message ! On vous r\u00e9pondra rapidement !","og_url":"https:\/\/mister-vanlife.fr\/de\/uns-kontaktieren\/","og_site_name":"Mister Vanlife","article_modified_time":"2024-11-17T17:37:41+00:00","twitter_card":"summary_large_image","schema":{"@context":"https:\/\/schema.org","@graph":[{"@type":"WebPage","@id":"https:\/\/mister-vanlife.fr\/nous-contacter\/","url":"https:\/\/mister-vanlife.fr\/nous-contacter\/","name":"Wie Sie Mister Vanlife kontaktieren k\u00f6nnen","isPartOf":{"@id":"https:\/\/mister-vanlife.fr\/#website"},"datePublished":"2023-09-22T07:23:12+00:00","dateModified":"2024-11-17T17:37:41+00:00","description":"Um Mister Vanlife zu kontaktieren, k\u00f6nnen Sie das Formular ausf\u00fcllen und Ihre Nachricht hinterlassen! Wir werden Ihnen schnell antworten!","breadcrumb":{"@id":"https:\/\/mister-vanlife.fr\/nous-contacter\/#breadcrumb"},"inLanguage":"de","potentialAction":[{"@type":"ReadAction","target":["https:\/\/mister-vanlife.fr\/nous-contacter\/"]}]},{"@type":"BreadcrumbList","@id":"https:\/\/mister-vanlife.fr\/nous-contacter\/#breadcrumb","itemListElement":[{"@type":"ListItem","position":1,"name":"Accueil","item":"https:\/\/mister-vanlife.fr\/"},{"@type":"ListItem","position":2,"name":"Nous contacter"}]},{"@type":"WebSite","@id":"https:\/\/mister-vanlife.fr\/#website","url":"https:\/\/mister-vanlife.fr\/","name":"Mister Vanlife","description":"Die Einrichtung des Van und des Kastenwagens mit Eigenantrieb","publisher":{"@id":"https:\/\/mister-vanlife.fr\/#organization"},"potentialAction":[{"@type":"SearchAction","target":{"@type":"EntryPoint","urlTemplate":"https:\/\/mister-vanlife.fr\/?s={search_term_string}"},"query-input":{"@type":"PropertyValueSpecification","valueRequired":true,"valueName":"search_term_string"}}],"inLanguage":"de"},{"@type":"Organization","@id":"https:\/\/mister-vanlife.fr\/#organization","name":"Mister Vanlife","url":"https:\/\/mister-vanlife.fr\/","logo":{"@type":"ImageObject","inLanguage":"de","@id":"https:\/\/mister-vanlife.fr\/#\/schema\/logo\/image\/","url":"https:\/\/mister-vanlife.fr\/wp-content\/uploads\/2024\/11\/cropped-logo-mister-vanlife.png","contentUrl":"https:\/\/mister-vanlife.fr\/wp-content\/uploads\/2024\/11\/cropped-logo-mister-vanlife.png","width":500,"height":500,"caption":"Mister Vanlife"},"image":{"@id":"https:\/\/mister-vanlife.fr\/#\/schema\/logo\/image\/"}}]}},"_links":{"self":[{"href":"https:\/\/mister-vanlife.fr\/de\/wp-json\/wp\/v2\/pages\/2825","targetHints":{"allow":["GET"]}}],"collection":[{"href":"https:\/\/mister-vanlife.fr\/de\/wp-json\/wp\/v2\/pages"}],"about":[{"href":"https:\/\/mister-vanlife.fr\/de\/wp-json\/wp\/v2\/types\/page"}],"author":[{"embeddable":true,"href":"https:\/\/mister-vanlife.fr\/de\/wp-json\/wp\/v2\/users\/1"}],"replies":[{"embeddable":true,"href":"https:\/\/mister-vanlife.fr\/de\/wp-json\/wp\/v2\/comments?post=2825"}],"version-history":[{"count":3,"href":"https:\/\/mister-vanlife.fr\/de\/wp-json\/wp\/v2\/pages\/2825\/revisions"}],"predecessor-version":[{"id":3581,"href":"https:\/\/mister-vanlife.fr\/de\/wp-json\/wp\/v2\/pages\/2825\/revisions\/3581"}],"wp:attachment":[{"href":"https:\/\/mister-vanlife.fr\/de\/wp-json\/wp\/v2\/media?parent=2825"}],"curies":[{"name":"wp","href":"https:\/\/api.w.org\/{rel}","templated":true}]}}