{"id":2800,"date":"2023-09-17T20:11:09","date_gmt":"2023-09-17T18:11:09","guid":{"rendered":"https:\/\/mister-vanlife.fr\/?page_id=2800"},"modified":"2024-11-14T13:07:19","modified_gmt":"2024-11-14T12:07:19","slug":"uber-uns","status":"publish","type":"page","link":"https:\/\/mister-vanlife.fr\/de\/uber-uns\/","title":{"rendered":"\u00dcber Mister Vanlife"},"content":{"rendered":"<p>Die Erstellung des Blogs <strong>Mister Vanlife<\/strong> ist der Beginn einer langj\u00e4hrigen Leidenschaft f\u00fcr umgebaute Fahrzeuge. Eigentlich hatte ich schon immer eine Leidenschaft f\u00fcr <strong>kleine Wohnungen<\/strong>Die meisten dieser H\u00e4user sind in den letzten Jahren gebaut worden, wie z. B. Boote, Vans, Wohnmobile und seit kurzem auch Tiny Houses.<\/p>\n\n\n\n<p>Zu Hause habe ich B\u00fccher \u00fcber Kerterres, ungew\u00f6hnliche H\u00fctten, Zeitschriften \u00fcber ausgebaute Kastenwagen, Wohnmobile usw. Diese Welt hat mich schon immer zum Tr\u00e4umen gebracht und ich glaube, das wird auch nie aufh\u00f6ren.<\/p>\n\n\n\n<h2 class=\"wp-block-heading\">Projekt eines ausgebauten Lieferwagens<\/h2>\n\n\n\n<p>Im Jahr 2019, mitten in der COVID-Phase, kommt mir die Idee, endlich einen alten Traum zu verwirklichen, n\u00e4mlich meinen eigenen Transporter auszubauen. Ich beschlie\u00dfe, nach einem Transporter vom Typ L2H2 zu suchen. Dann sto\u00dfe ich schlie\u00dflich auf einen <strong>Peugeot Boxer L3H2<\/strong>. Von dort aus beginnt das Abenteuer.<\/p>\n\n\n\n<p>Nachdem ich Hunderte von Stunden auf youtube und verschiedenen Blogs verbracht habe, um mich inspirieren zu lassen und zu lernen, beginne ich nun mit der Arbeit. Zus\u00e4tzlich zu meiner <strong>leidenschaft f\u00fcr kleine r\u00e4ume<\/strong> seit jeher, wieder mit einem <strong>erster Beruf, der Elektrizit\u00e4t ist<\/strong>. 4 Monate sp\u00e4ter ist das Ergebnis da! Wie Sie im Bild sehen k\u00f6nnen.<\/p>\n\n\n\n<figure class=\"gb-block-image gb-block-image-857ad3f2\"><img loading=\"lazy\" decoding=\"async\" width=\"919\" height=\"632\" class=\"gb-image gb-image-857ad3f2\" src=\"https:\/\/mister-vanlife.fr\/wp-content\/uploads\/2023\/09\/avant-apres-mon-fourgon-amenage.jpg\" alt=\"Vorher-Nachher-Foto meines ausgebauten Kastenwagens von Mister-Vanlife\" title=\"vor-vor-meinem-Kastenwagen-zur\u00fcck\" srcset=\"https:\/\/mister-vanlife.fr\/wp-content\/uploads\/2023\/09\/avant-apres-mon-fourgon-amenage.jpg 919w, https:\/\/mister-vanlife.fr\/wp-content\/uploads\/2023\/09\/avant-apres-mon-fourgon-amenage-600x413.jpg 600w, https:\/\/mister-vanlife.fr\/wp-content\/uploads\/2023\/09\/avant-apres-mon-fourgon-amenage-300x206.jpg 300w, https:\/\/mister-vanlife.fr\/wp-content\/uploads\/2023\/09\/avant-apres-mon-fourgon-amenage-1024x704.jpg 1024w, https:\/\/mister-vanlife.fr\/wp-content\/uploads\/2023\/09\/avant-apres-mon-fourgon-amenage-768x528.jpg 768w, https:\/\/mister-vanlife.fr\/wp-content\/uploads\/2023\/09\/avant-apres-mon-fourgon-amenage-1536x1056.jpg 1536w, https:\/\/mister-vanlife.fr\/wp-content\/uploads\/2023\/09\/avant-apres-mon-fourgon-amenage-2048x1408.jpg 2048w, https:\/\/mister-vanlife.fr\/wp-content\/uploads\/2023\/09\/avant-apres-mon-fourgon-amenage-218x150.jpg 218w, https:\/\/mister-vanlife.fr\/wp-content\/uploads\/2023\/09\/avant-apres-mon-fourgon-amenage-100x69.jpg 100w, https:\/\/mister-vanlife.fr\/wp-content\/uploads\/2023\/09\/avant-apres-mon-fourgon-amenage-509x350.jpg 509w, https:\/\/mister-vanlife.fr\/wp-content\/uploads\/2023\/09\/avant-apres-mon-fourgon-amenage-788x541.jpg 788w\" sizes=\"auto, (max-width: 919px) 100vw, 919px\" \/><\/figure>\n\n\n\n<h2 class=\"wp-block-heading\">Umstellungsprojekt<\/h2>\n\n\n\n<p>2 Jahre sp\u00e4ter kommt ein Umschulungsprojekt, ich arbeite im Web parallel zu meiner Arbeit als Angestellter w\u00e4hrend der letzten Jahre, ich habe schlie\u00dflich <strong>ergriff die Gelegenheit <\/strong>einen unbefristeten Arbeitsvertrag zu k\u00fcndigen, um meine Kenntnisse in einem bestimmten Bereich des Internets zu erweitern. Insbesondere das <strong>SEO<\/strong>. Daher war es ganz nat\u00fcrlich, dass ich f\u00fcr mein erstes Fallbeispiel einen Blog \u00fcber diese Leidenschaft erstellen wollte.<\/p>\n\n\n\n<p>So <strong>Mister-Vanlife entstand<\/strong>. Und seit kurzem auch den Youtube-Kanal, der mit dem Blog verbunden ist. Jetzt liebe ich es, Informationen f\u00fcr all diejenigen zu teilen und zusammenzufassen, die sich ebenfalls auf diese Art von Abenteuer einlassen wollen!&nbsp;<\/p>","protected":false},"excerpt":{"rendered":"<p>La cr\u00e9ation du blog Mister Vanlife est le d\u00e9but d&#8217;une passion de longue date pour les v\u00e9hicules am\u00e9nag\u00e9s. En fait, j\u2019ai toujours \u00e9t\u00e9 passionn\u00e9 par les petites habitations, les bateaux, la van, camping-car ou encore plus r\u00e9cemment les tiny houses. A la maison j\u2019ai des livres sur les Kerterres, les cabanes insolites, des magazines sur &#8230; <a title=\"\u00dcber Mister Vanlife\" class=\"read-more\" href=\"https:\/\/mister-vanlife.fr\/de\/uber-uns\/\" aria-label=\"Mehr Informationen \u00fcber A propos de Mister Vanlife\">Weiterlesen &#8230;<\/a><\/p>","protected":false},"author":1,"featured_media":0,"parent":0,"menu_order":0,"comment_status":"closed","ping_status":"closed","template":"","meta":{"_acf_changed":false,"footnotes":""},"class_list":["post-2800","page","type-page","status-publish"],"acf":[],"yoast_head":"<!-- This site is optimized with the Yoast SEO plugin v26.7 - https:\/\/yoast.com\/wordpress\/plugins\/seo\/ -->\n<title>A propos de Mister Vanlife<\/title>\n<meta name=\"description\" content=\"Du r\u00eave \u00e0 la r\u00e9alit\u00e9, d\u00e9couvrez comment cr\u00e9er votre propre fourgon am\u00e9nag\u00e9 avec Mister Vanlife ! Sp\u00e9cialis\u00e9 dans l&#039;autonomie \u00e9lectrique\" \/>\n<meta name=\"robots\" content=\"index, follow, max-snippet:-1, max-image-preview:large, max-video-preview:-1\" \/>\n<link rel=\"canonical\" href=\"https:\/\/mister-vanlife.fr\/de\/uber-uns\/\" \/>\n<meta property=\"og:locale\" content=\"de_DE\" \/>\n<meta property=\"og:type\" content=\"article\" \/>\n<meta property=\"og:title\" content=\"A propos de Mister Vanlife\" \/>\n<meta property=\"og:description\" content=\"Du r\u00eave \u00e0 la r\u00e9alit\u00e9, d\u00e9couvrez comment cr\u00e9er votre propre fourgon am\u00e9nag\u00e9 avec Mister Vanlife ! Sp\u00e9cialis\u00e9 dans l&#039;autonomie \u00e9lectrique\" \/>\n<meta property=\"og:url\" content=\"https:\/\/mister-vanlife.fr\/de\/uber-uns\/\" \/>\n<meta property=\"og:site_name\" content=\"Mister Vanlife\" \/>\n<meta property=\"article:modified_time\" content=\"2024-11-14T12:07:19+00:00\" \/>\n<meta property=\"og:image\" content=\"https:\/\/mister-vanlife.fr\/wp-content\/uploads\/2023\/09\/avant-apres-mon-fourgon-amenage.jpg\" \/>\n<meta name=\"twitter:card\" content=\"summary_large_image\" \/>\n<script type=\"application\/ld+json\" class=\"yoast-schema-graph\">{\"@context\":\"https:\/\/schema.org\",\"@graph\":[{\"@type\":\"WebPage\",\"@id\":\"https:\/\/mister-vanlife.fr\/a-propos-de-nous\/\",\"url\":\"https:\/\/mister-vanlife.fr\/a-propos-de-nous\/\",\"name\":\"A propos de Mister Vanlife\",\"isPartOf\":{\"@id\":\"https:\/\/mister-vanlife.fr\/#website\"},\"primaryImageOfPage\":{\"@id\":\"https:\/\/mister-vanlife.fr\/a-propos-de-nous\/#primaryimage\"},\"image\":{\"@id\":\"https:\/\/mister-vanlife.fr\/a-propos-de-nous\/#primaryimage\"},\"thumbnailUrl\":\"https:\/\/mister-vanlife.fr\/wp-content\/uploads\/2023\/09\/avant-apres-mon-fourgon-amenage.jpg\",\"datePublished\":\"2023-09-17T18:11:09+00:00\",\"dateModified\":\"2024-11-14T12:07:19+00:00\",\"description\":\"Du r\u00eave \u00e0 la r\u00e9alit\u00e9, d\u00e9couvrez comment cr\u00e9er votre propre fourgon am\u00e9nag\u00e9 avec Mister Vanlife ! Sp\u00e9cialis\u00e9 dans l'autonomie \u00e9lectrique\",\"breadcrumb\":{\"@id\":\"https:\/\/mister-vanlife.fr\/a-propos-de-nous\/#breadcrumb\"},\"inLanguage\":\"de\",\"potentialAction\":[{\"@type\":\"ReadAction\",\"target\":[\"https:\/\/mister-vanlife.fr\/a-propos-de-nous\/\"]}]},{\"@type\":\"ImageObject\",\"inLanguage\":\"de\",\"@id\":\"https:\/\/mister-vanlife.fr\/a-propos-de-nous\/#primaryimage\",\"url\":\"https:\/\/mister-vanlife.fr\/wp-content\/uploads\/2023\/09\/avant-apres-mon-fourgon-amenage.jpg\",\"contentUrl\":\"https:\/\/mister-vanlife.fr\/wp-content\/uploads\/2023\/09\/avant-apres-mon-fourgon-amenage.jpg\"},{\"@type\":\"BreadcrumbList\",\"@id\":\"https:\/\/mister-vanlife.fr\/a-propos-de-nous\/#breadcrumb\",\"itemListElement\":[{\"@type\":\"ListItem\",\"position\":1,\"name\":\"Accueil\",\"item\":\"https:\/\/mister-vanlife.fr\/\"},{\"@type\":\"ListItem\",\"position\":2,\"name\":\"A propos de Mister Vanlife\"}]},{\"@type\":\"WebSite\",\"@id\":\"https:\/\/mister-vanlife.fr\/#website\",\"url\":\"https:\/\/mister-vanlife.fr\/\",\"name\":\"Mister Vanlife\",\"description\":\"L&#039;am\u00e9nagement du Van et Fourgon Am\u00e9nag\u00e9\",\"publisher\":{\"@id\":\"https:\/\/mister-vanlife.fr\/#organization\"},\"potentialAction\":[{\"@type\":\"SearchAction\",\"target\":{\"@type\":\"EntryPoint\",\"urlTemplate\":\"https:\/\/mister-vanlife.fr\/?s={search_term_string}\"},\"query-input\":{\"@type\":\"PropertyValueSpecification\",\"valueRequired\":true,\"valueName\":\"search_term_string\"}}],\"inLanguage\":\"de\"},{\"@type\":\"Organization\",\"@id\":\"https:\/\/mister-vanlife.fr\/#organization\",\"name\":\"Mister Vanlife\",\"url\":\"https:\/\/mister-vanlife.fr\/\",\"logo\":{\"@type\":\"ImageObject\",\"inLanguage\":\"de\",\"@id\":\"https:\/\/mister-vanlife.fr\/#\/schema\/logo\/image\/\",\"url\":\"https:\/\/mister-vanlife.fr\/wp-content\/uploads\/2024\/11\/cropped-logo-mister-vanlife.png\",\"contentUrl\":\"https:\/\/mister-vanlife.fr\/wp-content\/uploads\/2024\/11\/cropped-logo-mister-vanlife.png\",\"width\":500,\"height\":500,\"caption\":\"Mister Vanlife\"},\"image\":{\"@id\":\"https:\/\/mister-vanlife.fr\/#\/schema\/logo\/image\/\"}}]}<\/script>\n<!-- \/ Yoast SEO plugin. -->","yoast_head_json":{"title":"\u00dcber Mister Vanlife","description":"Vom Traum zur Wirklichkeit: Entdecken Sie mit Mister Vanlife, wie Sie Ihren eigenen ausgebauten Kastenwagen bauen k\u00f6nnen! Spezialisiert auf elektrische Autonomie","robots":{"index":"index","follow":"follow","max-snippet":"max-snippet:-1","max-image-preview":"max-image-preview:large","max-video-preview":"max-video-preview:-1"},"canonical":"https:\/\/mister-vanlife.fr\/de\/uber-uns\/","og_locale":"de_DE","og_type":"article","og_title":"A propos de Mister Vanlife","og_description":"Du r\u00eave \u00e0 la r\u00e9alit\u00e9, d\u00e9couvrez comment cr\u00e9er votre propre fourgon am\u00e9nag\u00e9 avec Mister Vanlife ! Sp\u00e9cialis\u00e9 dans l'autonomie \u00e9lectrique","og_url":"https:\/\/mister-vanlife.fr\/de\/uber-uns\/","og_site_name":"Mister Vanlife","article_modified_time":"2024-11-14T12:07:19+00:00","og_image":[{"url":"https:\/\/mister-vanlife.fr\/wp-content\/uploads\/2023\/09\/avant-apres-mon-fourgon-amenage.jpg","type":"","width":"","height":""}],"twitter_card":"summary_large_image","schema":{"@context":"https:\/\/schema.org","@graph":[{"@type":"WebPage","@id":"https:\/\/mister-vanlife.fr\/a-propos-de-nous\/","url":"https:\/\/mister-vanlife.fr\/a-propos-de-nous\/","name":"\u00dcber Mister Vanlife","isPartOf":{"@id":"https:\/\/mister-vanlife.fr\/#website"},"primaryImageOfPage":{"@id":"https:\/\/mister-vanlife.fr\/a-propos-de-nous\/#primaryimage"},"image":{"@id":"https:\/\/mister-vanlife.fr\/a-propos-de-nous\/#primaryimage"},"thumbnailUrl":"https:\/\/mister-vanlife.fr\/wp-content\/uploads\/2023\/09\/avant-apres-mon-fourgon-amenage.jpg","datePublished":"2023-09-17T18:11:09+00:00","dateModified":"2024-11-14T12:07:19+00:00","description":"Vom Traum zur Wirklichkeit: Entdecken Sie mit Mister Vanlife, wie Sie Ihren eigenen ausgebauten Kastenwagen bauen k\u00f6nnen! Spezialisiert auf elektrische Autonomie","breadcrumb":{"@id":"https:\/\/mister-vanlife.fr\/a-propos-de-nous\/#breadcrumb"},"inLanguage":"de","potentialAction":[{"@type":"ReadAction","target":["https:\/\/mister-vanlife.fr\/a-propos-de-nous\/"]}]},{"@type":"ImageObject","inLanguage":"de","@id":"https:\/\/mister-vanlife.fr\/a-propos-de-nous\/#primaryimage","url":"https:\/\/mister-vanlife.fr\/wp-content\/uploads\/2023\/09\/avant-apres-mon-fourgon-amenage.jpg","contentUrl":"https:\/\/mister-vanlife.fr\/wp-content\/uploads\/2023\/09\/avant-apres-mon-fourgon-amenage.jpg"},{"@type":"BreadcrumbList","@id":"https:\/\/mister-vanlife.fr\/a-propos-de-nous\/#breadcrumb","itemListElement":[{"@type":"ListItem","position":1,"name":"Accueil","item":"https:\/\/mister-vanlife.fr\/"},{"@type":"ListItem","position":2,"name":"A propos de Mister Vanlife"}]},{"@type":"WebSite","@id":"https:\/\/mister-vanlife.fr\/#website","url":"https:\/\/mister-vanlife.fr\/","name":"Mister Vanlife","description":"Die Einrichtung des Van und des Kastenwagens mit Eigenantrieb","publisher":{"@id":"https:\/\/mister-vanlife.fr\/#organization"},"potentialAction":[{"@type":"SearchAction","target":{"@type":"EntryPoint","urlTemplate":"https:\/\/mister-vanlife.fr\/?s={search_term_string}"},"query-input":{"@type":"PropertyValueSpecification","valueRequired":true,"valueName":"search_term_string"}}],"inLanguage":"de"},{"@type":"Organization","@id":"https:\/\/mister-vanlife.fr\/#organization","name":"Mister Vanlife","url":"https:\/\/mister-vanlife.fr\/","logo":{"@type":"ImageObject","inLanguage":"de","@id":"https:\/\/mister-vanlife.fr\/#\/schema\/logo\/image\/","url":"https:\/\/mister-vanlife.fr\/wp-content\/uploads\/2024\/11\/cropped-logo-mister-vanlife.png","contentUrl":"https:\/\/mister-vanlife.fr\/wp-content\/uploads\/2024\/11\/cropped-logo-mister-vanlife.png","width":500,"height":500,"caption":"Mister Vanlife"},"image":{"@id":"https:\/\/mister-vanlife.fr\/#\/schema\/logo\/image\/"}}]}},"_links":{"self":[{"href":"https:\/\/mister-vanlife.fr\/de\/wp-json\/wp\/v2\/pages\/2800","targetHints":{"allow":["GET"]}}],"collection":[{"href":"https:\/\/mister-vanlife.fr\/de\/wp-json\/wp\/v2\/pages"}],"about":[{"href":"https:\/\/mister-vanlife.fr\/de\/wp-json\/wp\/v2\/types\/page"}],"author":[{"embeddable":true,"href":"https:\/\/mister-vanlife.fr\/de\/wp-json\/wp\/v2\/users\/1"}],"replies":[{"embeddable":true,"href":"https:\/\/mister-vanlife.fr\/de\/wp-json\/wp\/v2\/comments?post=2800"}],"version-history":[{"count":1,"href":"https:\/\/mister-vanlife.fr\/de\/wp-json\/wp\/v2\/pages\/2800\/revisions"}],"predecessor-version":[{"id":2802,"href":"https:\/\/mister-vanlife.fr\/de\/wp-json\/wp\/v2\/pages\/2800\/revisions\/2802"}],"wp:attachment":[{"href":"https:\/\/mister-vanlife.fr\/de\/wp-json\/wp\/v2\/media?parent=2800"}],"curies":[{"name":"wp","href":"https:\/\/api.w.org\/{rel}","templated":true}]}}